{"id":311,"date":"2023-03-20T12:35:19","date_gmt":"2023-03-20T11:35:19","guid":{"rendered":"https:\/\/www.nm-estetyka.pl\/?page_id=311"},"modified":"2024-09-22T18:25:58","modified_gmt":"2024-09-22T16:25:58","slug":"mikropigmentacja-piegow","status":"publish","type":"page","link":"https:\/\/www.nm-estetyka.pl\/en\/mikropigmentacja-piegow\/","title":{"rendered":"Freckle micropigmentation"},"content":{"rendered":"<div data-elementor-type=\"wp-page\" data-elementor-id=\"311\" class=\"elementor elementor-311\">\n\t\t\t\t\t\t<section class=\"elementor-section elementor-top-section elementor-element elementor-element-8a44cae elementor-section-boxed elementor-section-height-default elementor-section-height-default\" data-id=\"8a44cae\" data-element_type=\"section\" data-settings=\"{&quot;background_background&quot;:&quot;classic&quot;}\">\n\t\t\t\t\t\t<div class=\"elementor-container elementor-column-gap-default\">\n\t\t\t\t\t<div class=\"elementor-column elementor-col-100 elementor-top-column elementor-element elementor-element-052cd09\" data-id=\"052cd09\" data-element_type=\"column\">\n\t\t\t<div class=\"elementor-widget-wrap elementor-element-populated\">\n\t\t\t\t\t\t<div class=\"elementor-element elementor-element-2e7ba94 elementor-widget elementor-widget-spacer\" data-id=\"2e7ba94\" data-element_type=\"widget\" data-widget_type=\"spacer.default\">\n\t\t\t\t<div class=\"elementor-widget-container\">\n\t\t\t\t\t\t\t<div class=\"elementor-spacer\">\n\t\t\t<div class=\"elementor-spacer-inner\"><\/div>\n\t\t<\/div>\n\t\t\t\t\t\t<\/div>\n\t\t\t\t<\/div>\n\t\t\t\t<div class=\"elementor-element elementor-element-fecc2da elementor-widget elementor-widget-heading\" data-id=\"fecc2da\" data-element_type=\"widget\" data-widget_type=\"heading.default\">\n\t\t\t\t<div class=\"elementor-widget-container\">\n\t\t\t\t\t<h2 class=\"elementor-heading-title elementor-size-default\">FRECKLE MICROPIGMENTATION<\/h2>\t\t\t\t<\/div>\n\t\t\t\t<\/div>\n\t\t\t\t<div class=\"elementor-element elementor-element-4f2b3f3 elementor-widget elementor-widget-spacer\" data-id=\"4f2b3f3\" data-element_type=\"widget\" data-widget_type=\"spacer.default\">\n\t\t\t\t<div class=\"elementor-widget-container\">\n\t\t\t\t\t\t\t<div class=\"elementor-spacer\">\n\t\t\t<div class=\"elementor-spacer-inner\"><\/div>\n\t\t<\/div>\n\t\t\t\t\t\t<\/div>\n\t\t\t\t<\/div>\n\t\t\t\t\t<\/div>\n\t\t<\/div>\n\t\t\t\t\t<\/div>\n\t\t<\/section>\n\t\t\t\t<section class=\"elementor-section elementor-top-section elementor-element elementor-element-1773dde elementor-section-boxed elementor-section-height-default elementor-section-height-default\" data-id=\"1773dde\" data-element_type=\"section\" data-settings=\"{&quot;background_background&quot;:&quot;classic&quot;}\">\n\t\t\t\t\t\t<div class=\"elementor-container elementor-column-gap-default\">\n\t\t\t\t\t<div class=\"elementor-column elementor-col-100 elementor-top-column elementor-element elementor-element-df3d69b\" data-id=\"df3d69b\" data-element_type=\"column\">\n\t\t\t<div class=\"elementor-widget-wrap elementor-element-populated\">\n\t\t\t\t\t\t<div class=\"elementor-element elementor-element-4278851 elementor-hidden-mobile elementor-widget elementor-widget-spacer\" data-id=\"4278851\" data-element_type=\"widget\" data-widget_type=\"spacer.default\">\n\t\t\t\t<div class=\"elementor-widget-container\">\n\t\t\t\t\t\t\t<div class=\"elementor-spacer\">\n\t\t\t<div class=\"elementor-spacer-inner\"><\/div>\n\t\t<\/div>\n\t\t\t\t\t\t<\/div>\n\t\t\t\t<\/div>\n\t\t\t\t<section class=\"elementor-section elementor-inner-section elementor-element elementor-element-e5b21af elementor-section-boxed elementor-section-height-default elementor-section-height-default\" data-id=\"e5b21af\" data-element_type=\"section\">\n\t\t\t\t\t\t<div class=\"elementor-container elementor-column-gap-default\">\n\t\t\t\t\t<div class=\"elementor-column elementor-col-50 elementor-inner-column elementor-element elementor-element-f865ecb\" data-id=\"f865ecb\" data-element_type=\"column\">\n\t\t\t<div class=\"elementor-widget-wrap elementor-element-populated\">\n\t\t\t\t\t\t<div class=\"elementor-element elementor-element-c7a5fbb elementor-widget elementor-widget-image\" data-id=\"c7a5fbb\" data-element_type=\"widget\" data-widget_type=\"image.default\">\n\t\t\t\t<div class=\"elementor-widget-container\">\n\t\t\t\t\t\t\t\t\t\t\t\t\t\t\t<img decoding=\"async\" src=\"https:\/\/www.nm-estetyka.pl\/wp-content\/uploads\/elementor\/thumbs\/WhatsApp-Image-2024-09-17-at-14.02.38-10-qu914z15sxezi6d7ii4j6vl6mjkq5w6fqkg4ikrl6o.jpeg\" title=\"Permanent makeup\" alt=\"makija\u017c permanentny Warszawa\" loading=\"lazy\" \/>\t\t\t\t\t\t\t\t\t\t\t\t\t\t\t<\/div>\n\t\t\t\t<\/div>\n\t\t\t\t\t<\/div>\n\t\t<\/div>\n\t\t\t\t<div class=\"elementor-column elementor-col-50 elementor-inner-column elementor-element elementor-element-77fce29\" data-id=\"77fce29\" data-element_type=\"column\">\n\t\t\t<div class=\"elementor-widget-wrap elementor-element-populated\">\n\t\t\t\t\t\t<div class=\"elementor-element elementor-element-193cb15 elementor-widget elementor-widget-heading\" data-id=\"193cb15\" data-element_type=\"widget\" data-widget_type=\"heading.default\">\n\t\t\t\t<div class=\"elementor-widget-container\">\n\t\t\t\t\t<h2 class=\"elementor-heading-title elementor-size-default\">FRECKLE MICROPIGMENTATION<\/h2>\t\t\t\t<\/div>\n\t\t\t\t<\/div>\n\t\t\t\t<div class=\"elementor-element elementor-element-b6f181b elementor-widget elementor-widget-text-editor\" data-id=\"b6f181b\" data-element_type=\"widget\" data-widget_type=\"text-editor.default\">\n\t\t\t\t<div class=\"elementor-widget-container\">\n\t\t\t\t\t\t\t\t\t<p>Freckle micropigmentation is a cosmetic procedure that involves the precise application of pigment under the skin to create realistically appearing freckles. This treatment is popular among individuals seeking a natural, youthful look without the need for sun exposure. Freckle micropigmentation is a relatively quick process, and its effects can last from several months to a few years, depending on skin type and post-treatment care.<\/p>\t\t\t\t\t\t\t\t<\/div>\n\t\t\t\t<\/div>\n\t\t\t\t\t<\/div>\n\t\t<\/div>\n\t\t\t\t\t<\/div>\n\t\t<\/section>\n\t\t\t\t<div class=\"elementor-element elementor-element-bd31c82 elementor-widget elementor-widget-spacer\" data-id=\"bd31c82\" data-element_type=\"widget\" data-widget_type=\"spacer.default\">\n\t\t\t\t<div class=\"elementor-widget-container\">\n\t\t\t\t\t\t\t<div class=\"elementor-spacer\">\n\t\t\t<div class=\"elementor-spacer-inner\"><\/div>\n\t\t<\/div>\n\t\t\t\t\t\t<\/div>\n\t\t\t\t<\/div>\n\t\t\t\t<div class=\"elementor-element elementor-element-f687e9f elementor-widget elementor-widget-heading\" data-id=\"f687e9f\" data-element_type=\"widget\" data-widget_type=\"heading.default\">\n\t\t\t\t<div class=\"elementor-widget-container\">\n\t\t\t\t\t<h2 class=\"elementor-heading-title elementor-size-default\">Contraindications<\/h2>\t\t\t\t<\/div>\n\t\t\t\t<\/div>\n\t\t\t\t<div class=\"elementor-element elementor-element-a45afdd elementor-widget-divider--view-line elementor-widget elementor-widget-divider\" data-id=\"a45afdd\" data-element_type=\"widget\" data-widget_type=\"divider.default\">\n\t\t\t\t<div class=\"elementor-widget-container\">\n\t\t\t\t\t\t\t<div class=\"elementor-divider\">\n\t\t\t<span class=\"elementor-divider-separator\">\n\t\t\t\t\t\t<\/span>\n\t\t<\/div>\n\t\t\t\t\t\t<\/div>\n\t\t\t\t<\/div>\n\t\t\t\t<div class=\"elementor-element elementor-element-46a0e62 elementor-widget elementor-widget-text-editor\" data-id=\"46a0e62\" data-element_type=\"widget\" data-widget_type=\"text-editor.default\">\n\t\t\t\t<div class=\"elementor-widget-container\">\n\t\t\t\t\t\t\t\t\t<p>Before deciding on freckle micropigmentation, it is important to be aware of the contraindications for this procedure. Ignoring these contraindications can lead to serious health issues and undesirable effects. Below are the key contraindications to consider:<\/p>\n<ul>\n<li>active skin infections (acne, herpes, eczema)<\/li>\n<li>autoimmune diseases (e.g., lupus, psoriasis)<\/li>\n<li>pregnancy and breastfeeding<\/li>\n<li>taking blood-thinning medications<\/li>\n<li>allergy to pigment ingredients<\/li>\n<li>tendency to scarring or keloids<\/li>\n<\/ul>\t\t\t\t\t\t\t\t<\/div>\n\t\t\t\t<\/div>\n\t\t\t\t<div class=\"elementor-element elementor-element-ec58f21 elementor-widget elementor-widget-heading\" data-id=\"ec58f21\" data-element_type=\"widget\" data-widget_type=\"heading.default\">\n\t\t\t\t<div class=\"elementor-widget-container\">\n\t\t\t\t\t<h2 class=\"elementor-heading-title elementor-size-default\">Before treatment<\/h2>\t\t\t\t<\/div>\n\t\t\t\t<\/div>\n\t\t\t\t<div class=\"elementor-element elementor-element-8507c05 elementor-widget-divider--view-line elementor-widget elementor-widget-divider\" data-id=\"8507c05\" data-element_type=\"widget\" data-widget_type=\"divider.default\">\n\t\t\t\t<div class=\"elementor-widget-container\">\n\t\t\t\t\t\t\t<div class=\"elementor-divider\">\n\t\t\t<span class=\"elementor-divider-separator\">\n\t\t\t\t\t\t<\/span>\n\t\t<\/div>\n\t\t\t\t\t\t<\/div>\n\t\t\t\t<\/div>\n\t\t\t\t<div class=\"elementor-element elementor-element-504e947 elementor-widget elementor-widget-text-editor\" data-id=\"504e947\" data-element_type=\"widget\" data-widget_type=\"text-editor.default\">\n\t\t\t\t<div class=\"elementor-widget-container\">\n\t\t\t\t\t\t\t\t\t<p>Preparation for the freckle micropigmentation procedure is crucial for achieving the best results and minimizing the risk of complications. Below are recommendations to follow before undergoing this procedure to ensure safety and optimal final effects.<\/p><ul><li><strong>Avoid sunbathing<\/strong>: Before the procedure, avoid sun exposure and using tanning beds to ensure that your skin is not irritated or tanned.<\/li><li><strong>Stop using retinoids and acids<\/strong>: A few days before the procedure, stop using cosmetics that contain retinoids, AHA\/BHA acids, and other strong active ingredients that may irritate the skin.<\/li><li><strong>Avoid alcohol and caffeine<\/strong>: The day before the procedure, avoid consuming alcohol and large amounts of caffeine, as they may increase the risk of bleeding.<\/li><li><strong>Consult with a professional<\/strong>: Prior to the procedure, it\u2019s important to consult with an experienced specialist to discuss your expectations, any contraindications, and personalized recommendations for preparing your skin.<\/li><\/ul>\t\t\t\t\t\t\t\t<\/div>\n\t\t\t\t<\/div>\n\t\t\t\t<div class=\"elementor-element elementor-element-bf4c98d elementor-widget elementor-widget-heading\" data-id=\"bf4c98d\" data-element_type=\"widget\" data-widget_type=\"heading.default\">\n\t\t\t\t<div class=\"elementor-widget-container\">\n\t\t\t\t\t<h2 class=\"elementor-heading-title elementor-size-default\">After treatment<\/h2>\t\t\t\t<\/div>\n\t\t\t\t<\/div>\n\t\t\t\t<div class=\"elementor-element elementor-element-8578ded elementor-widget-divider--view-line elementor-widget elementor-widget-divider\" data-id=\"8578ded\" data-element_type=\"widget\" data-widget_type=\"divider.default\">\n\t\t\t\t<div class=\"elementor-widget-container\">\n\t\t\t\t\t\t\t<div class=\"elementor-divider\">\n\t\t\t<span class=\"elementor-divider-separator\">\n\t\t\t\t\t\t<\/span>\n\t\t<\/div>\n\t\t\t\t\t\t<\/div>\n\t\t\t\t<\/div>\n\t\t\t\t<div class=\"elementor-element elementor-element-f1bc4d9 elementor-widget elementor-widget-text-editor\" data-id=\"f1bc4d9\" data-element_type=\"widget\" data-widget_type=\"text-editor.default\">\n\t\t\t\t<div class=\"elementor-widget-container\">\n\t\t\t\t\t\t\t\t\t<p>After the freckle micropigmentation procedure, it is crucial to take proper care of your skin to ensure proper healing and achieve the desired results. Proper post-treatment care will not only speed up recovery but also help avoid potential complications. Here are the key recommendations to follow after the procedure to enjoy beautiful and natural-looking freckles:<\/p><ul><li><strong>Minimize contact with water<\/strong>: For the first 24\u201348 hours, avoid soaking the skin, including baths, swimming pools, and saunas.<\/li><li><strong>Do not touch the treated area<\/strong>: Try to avoid touching or scratching the area where the pigment was applied to avoid disrupting the healing process.<\/li><li><strong>Use the recommended ointments<\/strong>: Use moisturizing or regenerating products as directed by the specialist to support the healing process.<\/li><li><strong>Protect your skin from the sun<\/strong>: Avoid sun exposure and using tanning beds for several weeks after the procedure to minimize the risk of discoloration.<\/li><li><strong>Avoid cosmetics<\/strong>: For about a week, refrain from using makeup in the treatment area to avoid irritating the sensitive skin.<\/li><li><strong>Ensure regular consultations<\/strong>: Schedule a follow-up appointment to assess the results of the procedure and potentially plan any adjustments.<\/li><\/ul>\t\t\t\t\t\t\t\t<\/div>\n\t\t\t\t<\/div>\n\t\t\t\t\t<\/div>\n\t\t<\/div>\n\t\t\t\t\t<\/div>\n\t\t<\/section>\n\t\t\t\t<section class=\"elementor-section elementor-top-section elementor-element elementor-element-ef269b1 elementor-section-boxed elementor-section-height-default elementor-section-height-default\" data-id=\"ef269b1\" data-element_type=\"section\">\n\t\t\t\t\t\t<div class=\"elementor-container elementor-column-gap-default\">\n\t\t\t\t\t<div class=\"elementor-column elementor-col-100 elementor-top-column elementor-element elementor-element-bdf5529\" data-id=\"bdf5529\" data-element_type=\"column\">\n\t\t\t<div class=\"elementor-widget-wrap\">\n\t\t\t\t\t\t\t<\/div>\n\t\t<\/div>\n\t\t\t\t\t<\/div>\n\t\t<\/section>\n\t\t\t\t<section class=\"elementor-section elementor-top-section elementor-element elementor-element-fd3145e elementor-section-boxed elementor-section-height-default elementor-section-height-default\" data-id=\"fd3145e\" data-element_type=\"section\">\n\t\t\t\t\t\t<div class=\"elementor-container elementor-column-gap-default\">\n\t\t\t\t\t<div class=\"elementor-column elementor-col-33 elementor-top-column elementor-element elementor-element-8788070\" data-id=\"8788070\" data-element_type=\"column\">\n\t\t\t<div class=\"elementor-widget-wrap elementor-element-populated\">\n\t\t\t\t\t\t<div class=\"elementor-element elementor-element-cc352e3 elementor-widget elementor-widget-image\" data-id=\"cc352e3\" data-element_type=\"widget\" data-widget_type=\"image.default\">\n\t\t\t\t<div class=\"elementor-widget-container\">\n\t\t\t\t\t\t\t\t\t\t\t\t\t\t\t<img fetchpriority=\"high\" decoding=\"async\" width=\"768\" height=\"1024\" src=\"https:\/\/www.nm-estetyka.pl\/wp-content\/uploads\/2024\/09\/WhatsApp-Image-2024-09-21-at-19.42.09-16-768x1024.jpeg\" class=\"attachment-large size-large wp-image-1749\" alt=\"makija\u017c permanentny Warszawa\" srcset=\"https:\/\/www.nm-estetyka.pl\/wp-content\/uploads\/2024\/09\/WhatsApp-Image-2024-09-21-at-19.42.09-16-768x1024.jpeg 768w, https:\/\/www.nm-estetyka.pl\/wp-content\/uploads\/2024\/09\/WhatsApp-Image-2024-09-21-at-19.42.09-16-225x300.jpeg 225w, https:\/\/www.nm-estetyka.pl\/wp-content\/uploads\/2024\/09\/WhatsApp-Image-2024-09-21-at-19.42.09-16-1152x1536.jpeg 1152w, https:\/\/www.nm-estetyka.pl\/wp-content\/uploads\/2024\/09\/WhatsApp-Image-2024-09-21-at-19.42.09-16-9x12.jpeg 9w, https:\/\/www.nm-estetyka.pl\/wp-content\/uploads\/2024\/09\/WhatsApp-Image-2024-09-21-at-19.42.09-16.jpeg 1200w\" sizes=\"(max-width: 768px) 100vw, 768px\" \/>\t\t\t\t\t\t\t\t\t\t\t\t\t\t\t<\/div>\n\t\t\t\t<\/div>\n\t\t\t\t\t<\/div>\n\t\t<\/div>\n\t\t\t\t<div class=\"elementor-column elementor-col-33 elementor-top-column elementor-element elementor-element-da73a51\" data-id=\"da73a51\" data-element_type=\"column\">\n\t\t\t<div class=\"elementor-widget-wrap elementor-element-populated\">\n\t\t\t\t\t\t<div class=\"elementor-element elementor-element-bf79284 elementor-widget elementor-widget-image\" data-id=\"bf79284\" data-element_type=\"widget\" data-widget_type=\"image.default\">\n\t\t\t\t<div class=\"elementor-widget-container\">\n\t\t\t\t\t\t\t\t\t\t\t\t\t\t\t<img decoding=\"async\" width=\"768\" height=\"1024\" src=\"https:\/\/www.nm-estetyka.pl\/wp-content\/uploads\/2024\/09\/WhatsApp-Image-2024-09-17-at-14.02.38-13-768x1024.jpeg\" class=\"attachment-large size-large wp-image-1454\" alt=\"makija\u017c permanentny Warszawa\" srcset=\"https:\/\/www.nm-estetyka.pl\/wp-content\/uploads\/2024\/09\/WhatsApp-Image-2024-09-17-at-14.02.38-13-768x1024.jpeg 768w, https:\/\/www.nm-estetyka.pl\/wp-content\/uploads\/2024\/09\/WhatsApp-Image-2024-09-17-at-14.02.38-13-225x300.jpeg 225w, https:\/\/www.nm-estetyka.pl\/wp-content\/uploads\/2024\/09\/WhatsApp-Image-2024-09-17-at-14.02.38-13-1152x1536.jpeg 1152w, https:\/\/www.nm-estetyka.pl\/wp-content\/uploads\/2024\/09\/WhatsApp-Image-2024-09-17-at-14.02.38-13-9x12.jpeg 9w, https:\/\/www.nm-estetyka.pl\/wp-content\/uploads\/2024\/09\/WhatsApp-Image-2024-09-17-at-14.02.38-13.jpeg 1200w\" sizes=\"(max-width: 768px) 100vw, 768px\" \/>\t\t\t\t\t\t\t\t\t\t\t\t\t\t\t<\/div>\n\t\t\t\t<\/div>\n\t\t\t\t\t<\/div>\n\t\t<\/div>\n\t\t\t\t<div class=\"elementor-column elementor-col-33 elementor-top-column elementor-element elementor-element-3aeadbe\" data-id=\"3aeadbe\" data-element_type=\"column\">\n\t\t\t<div class=\"elementor-widget-wrap elementor-element-populated\">\n\t\t\t\t\t\t<div class=\"elementor-element elementor-element-a6c013a elementor-widget elementor-widget-image\" data-id=\"a6c013a\" data-element_type=\"widget\" data-widget_type=\"image.default\">\n\t\t\t\t<div class=\"elementor-widget-container\">\n\t\t\t\t\t\t\t\t\t\t\t\t\t\t\t<img decoding=\"async\" width=\"768\" height=\"1024\" src=\"https:\/\/www.nm-estetyka.pl\/wp-content\/uploads\/2024\/09\/WhatsApp-Image-2024-09-17-at-14.02.40-4-768x1024.jpeg\" class=\"attachment-large size-large wp-image-1481\" alt=\"makija\u017c permanentny Warszawa\" srcset=\"https:\/\/www.nm-estetyka.pl\/wp-content\/uploads\/2024\/09\/WhatsApp-Image-2024-09-17-at-14.02.40-4-768x1024.jpeg 768w, https:\/\/www.nm-estetyka.pl\/wp-content\/uploads\/2024\/09\/WhatsApp-Image-2024-09-17-at-14.02.40-4-225x300.jpeg 225w, https:\/\/www.nm-estetyka.pl\/wp-content\/uploads\/2024\/09\/WhatsApp-Image-2024-09-17-at-14.02.40-4-1152x1536.jpeg 1152w, https:\/\/www.nm-estetyka.pl\/wp-content\/uploads\/2024\/09\/WhatsApp-Image-2024-09-17-at-14.02.40-4-9x12.jpeg 9w, https:\/\/www.nm-estetyka.pl\/wp-content\/uploads\/2024\/09\/WhatsApp-Image-2024-09-17-at-14.02.40-4.jpeg 1200w\" sizes=\"(max-width: 768px) 100vw, 768px\" \/>\t\t\t\t\t\t\t\t\t\t\t\t\t\t\t<\/div>\n\t\t\t\t<\/div>\n\t\t\t\t\t<\/div>\n\t\t<\/div>\n\t\t\t\t\t<\/div>\n\t\t<\/section>\n\t\t\t\t<section class=\"elementor-section elementor-top-section elementor-element elementor-element-1f008d6 elementor-section-boxed elementor-section-height-default elementor-section-height-default\" data-id=\"1f008d6\" data-element_type=\"section\">\n\t\t\t\t\t\t<div class=\"elementor-container elementor-column-gap-default\">\n\t\t\t\t\t<div class=\"elementor-column elementor-col-100 elementor-top-column elementor-element elementor-element-0646cd4\" data-id=\"0646cd4\" data-element_type=\"column\">\n\t\t\t<div class=\"elementor-widget-wrap elementor-element-populated\">\n\t\t\t\t\t\t<div class=\"elementor-element elementor-element-682e0bb elementor-widget elementor-widget-spacer\" data-id=\"682e0bb\" data-element_type=\"widget\" data-widget_type=\"spacer.default\">\n\t\t\t\t<div class=\"elementor-widget-container\">\n\t\t\t\t\t\t\t<div class=\"elementor-spacer\">\n\t\t\t<div class=\"elementor-spacer-inner\"><\/div>\n\t\t<\/div>\n\t\t\t\t\t\t<\/div>\n\t\t\t\t<\/div>\n\t\t\t\t\t<\/div>\n\t\t<\/div>\n\t\t\t\t\t<\/div>\n\t\t<\/section>\n\t\t\t\t<\/div>","protected":false},"excerpt":{"rendered":"<p>MIKROPigmentacja pieg\u00f3w MIKROPIGMENTACJA PIEG\u00d3W Mikropigmentacja pieg\u00f3w to kosmetyczny zabieg polegaj\u0105cy na precyzyjnym aplikowaniu pigmentu pod sk\u00f3r\u0119 w celu stworzenia realistycznie wygl\u0105daj\u0105cych pieg\u00f3w. Zabieg ten jest popularny w\u015br\u00f3d os\u00f3b pragn\u0105cych uzyska\u0107 naturalny, s\u0142oneczny wygl\u0105d bez konieczno\u015bci ekspozycji na s\u0142o\u0144ce. Mikropigmentacja pieg\u00f3w jest stosunkowo szybkim procesem, a jego efekty mog\u0105 utrzymywa\u0107 si\u0119 od kilku miesi\u0119cy do kilku [&hellip;]<\/p>","protected":false},"author":1,"featured_media":0,"parent":0,"menu_order":0,"comment_status":"closed","ping_status":"closed","template":"elementor_header_footer","meta":{"footnotes":""},"class_list":["post-311","page","type-page","status-publish","hentry"],"_links":{"self":[{"href":"https:\/\/www.nm-estetyka.pl\/en\/wp-json\/wp\/v2\/pages\/311","targetHints":{"allow":["GET"]}}],"collection":[{"href":"https:\/\/www.nm-estetyka.pl\/en\/wp-json\/wp\/v2\/pages"}],"about":[{"href":"https:\/\/www.nm-estetyka.pl\/en\/wp-json\/wp\/v2\/types\/page"}],"author":[{"embeddable":true,"href":"https:\/\/www.nm-estetyka.pl\/en\/wp-json\/wp\/v2\/users\/1"}],"replies":[{"embeddable":true,"href":"https:\/\/www.nm-estetyka.pl\/en\/wp-json\/wp\/v2\/comments?post=311"}],"version-history":[{"count":40,"href":"https:\/\/www.nm-estetyka.pl\/en\/wp-json\/wp\/v2\/pages\/311\/revisions"}],"predecessor-version":[{"id":1920,"href":"https:\/\/www.nm-estetyka.pl\/en\/wp-json\/wp\/v2\/pages\/311\/revisions\/1920"}],"wp:attachment":[{"href":"https:\/\/www.nm-estetyka.pl\/en\/wp-json\/wp\/v2\/media?parent=311"}],"curies":[{"name":"wp","href":"https:\/\/api.w.org\/{rel}","templated":true}]}}