{"id":306,"date":"2023-03-20T12:26:31","date_gmt":"2023-03-20T11:26:31","guid":{"rendered":"https:\/\/www.nm-estetyka.pl\/?page_id=306"},"modified":"2024-09-22T16:22:38","modified_gmt":"2024-09-22T14:22:38","slug":"makijaz-permanentny","status":"publish","type":"page","link":"https:\/\/www.nm-estetyka.pl\/en\/makijaz-permanentny\/","title":{"rendered":"makija\u017c permanentny"},"content":{"rendered":"<div data-elementor-type=\"wp-page\" data-elementor-id=\"306\" class=\"elementor elementor-306\">\n\t\t\t\t\t\t<section class=\"elementor-section elementor-top-section elementor-element elementor-element-38f70b3 elementor-section-boxed elementor-section-height-default elementor-section-height-default\" data-id=\"38f70b3\" data-element_type=\"section\" data-settings=\"{&quot;background_background&quot;:&quot;classic&quot;}\">\n\t\t\t\t\t\t<div class=\"elementor-container elementor-column-gap-default\">\n\t\t\t\t\t<div class=\"elementor-column elementor-col-100 elementor-top-column elementor-element elementor-element-cf1eae7\" data-id=\"cf1eae7\" data-element_type=\"column\">\n\t\t\t<div class=\"elementor-widget-wrap elementor-element-populated\">\n\t\t\t\t\t\t<div class=\"elementor-element elementor-element-4e3acd7 elementor-widget elementor-widget-spacer\" data-id=\"4e3acd7\" data-element_type=\"widget\" data-widget_type=\"spacer.default\">\n\t\t\t\t<div class=\"elementor-widget-container\">\n\t\t\t\t\t\t\t<div class=\"elementor-spacer\">\n\t\t\t<div class=\"elementor-spacer-inner\"><\/div>\n\t\t<\/div>\n\t\t\t\t\t\t<\/div>\n\t\t\t\t<\/div>\n\t\t\t\t<div class=\"elementor-element elementor-element-e48316c elementor-widget elementor-widget-heading\" data-id=\"e48316c\" data-element_type=\"widget\" data-widget_type=\"heading.default\">\n\t\t\t\t<div class=\"elementor-widget-container\">\n\t\t\t\t\t<h2 class=\"elementor-heading-title elementor-size-default\">PERMANENT MAKEUP<\/h2>\t\t\t\t<\/div>\n\t\t\t\t<\/div>\n\t\t\t\t<div class=\"elementor-element elementor-element-50033df elementor-widget elementor-widget-spacer\" data-id=\"50033df\" data-element_type=\"widget\" data-widget_type=\"spacer.default\">\n\t\t\t\t<div class=\"elementor-widget-container\">\n\t\t\t\t\t\t\t<div class=\"elementor-spacer\">\n\t\t\t<div class=\"elementor-spacer-inner\"><\/div>\n\t\t<\/div>\n\t\t\t\t\t\t<\/div>\n\t\t\t\t<\/div>\n\t\t\t\t\t<\/div>\n\t\t<\/div>\n\t\t\t\t\t<\/div>\n\t\t<\/section>\n\t\t\t\t<section class=\"elementor-section elementor-top-section elementor-element elementor-element-0b19ade elementor-section-boxed elementor-section-height-default elementor-section-height-default\" data-id=\"0b19ade\" data-element_type=\"section\" data-settings=\"{&quot;background_background&quot;:&quot;classic&quot;}\">\n\t\t\t\t\t\t<div class=\"elementor-container elementor-column-gap-default\">\n\t\t\t\t\t<div class=\"elementor-column elementor-col-100 elementor-top-column elementor-element elementor-element-a199640\" data-id=\"a199640\" data-element_type=\"column\">\n\t\t\t<div class=\"elementor-widget-wrap elementor-element-populated\">\n\t\t\t\t\t\t<div class=\"elementor-element elementor-element-e541e69 elementor-hidden-mobile elementor-widget elementor-widget-spacer\" data-id=\"e541e69\" data-element_type=\"widget\" data-widget_type=\"spacer.default\">\n\t\t\t\t<div class=\"elementor-widget-container\">\n\t\t\t\t\t\t\t<div class=\"elementor-spacer\">\n\t\t\t<div class=\"elementor-spacer-inner\"><\/div>\n\t\t<\/div>\n\t\t\t\t\t\t<\/div>\n\t\t\t\t<\/div>\n\t\t\t\t<section class=\"elementor-section elementor-inner-section elementor-element elementor-element-9ad347b elementor-section-boxed elementor-section-height-default elementor-section-height-default\" data-id=\"9ad347b\" data-element_type=\"section\">\n\t\t\t\t\t\t<div class=\"elementor-container elementor-column-gap-default\">\n\t\t\t\t\t<div class=\"elementor-column elementor-col-50 elementor-inner-column elementor-element elementor-element-5f47d84\" data-id=\"5f47d84\" data-element_type=\"column\">\n\t\t\t<div class=\"elementor-widget-wrap elementor-element-populated\">\n\t\t\t\t\t\t<div class=\"elementor-element elementor-element-2f9c2fd elementor-widget elementor-widget-image\" data-id=\"2f9c2fd\" data-element_type=\"widget\" data-widget_type=\"image.default\">\n\t\t\t\t<div class=\"elementor-widget-container\">\n\t\t\t\t\t\t\t\t\t\t\t\t\t\t\t<img fetchpriority=\"high\" decoding=\"async\" width=\"600\" height=\"399\" src=\"https:\/\/www.nm-estetyka.pl\/wp-content\/uploads\/2022\/12\/PMU-600x399-1.jpg\" class=\"attachment-large size-large wp-image-85\" alt=\"makija\u017c permanentny Warszawa\" srcset=\"https:\/\/www.nm-estetyka.pl\/wp-content\/uploads\/2022\/12\/PMU-600x399-1.jpg 600w, https:\/\/www.nm-estetyka.pl\/wp-content\/uploads\/2022\/12\/PMU-600x399-1-300x200.jpg 300w\" sizes=\"(max-width: 600px) 100vw, 600px\" \/>\t\t\t\t\t\t\t\t\t\t\t\t\t\t\t<\/div>\n\t\t\t\t<\/div>\n\t\t\t\t\t<\/div>\n\t\t<\/div>\n\t\t\t\t<div class=\"elementor-column elementor-col-50 elementor-inner-column elementor-element elementor-element-3fdfa29\" data-id=\"3fdfa29\" data-element_type=\"column\">\n\t\t\t<div class=\"elementor-widget-wrap elementor-element-populated\">\n\t\t\t\t\t\t<div class=\"elementor-element elementor-element-c2e9d7a elementor-widget elementor-widget-heading\" data-id=\"c2e9d7a\" data-element_type=\"widget\" data-widget_type=\"heading.default\">\n\t\t\t\t<div class=\"elementor-widget-container\">\n\t\t\t\t\t<h2 class=\"elementor-heading-title elementor-size-default\">PERMANENT MAKEUP<\/h2>\t\t\t\t<\/div>\n\t\t\t\t<\/div>\n\t\t\t\t<div class=\"elementor-element elementor-element-850f2af elementor-widget elementor-widget-text-editor\" data-id=\"850f2af\" data-element_type=\"widget\" data-widget_type=\"text-editor.default\">\n\t\t\t\t<div class=\"elementor-widget-container\">\n\t\t\t\t\t\t\t\t\t<p>\"To be as close to nature as possible\" - Nataliya Yeremenko<\/p>\n<p>Permanent makeup is a procedure that enhances beauty in a long-lasting way, correcting minor flaws. Thanks to properly selected shades of pigments, makeup harmonizes with natural beauty and adds beauty without the effect of exaggeration. We create daytime makeup that is versatile, adds charm and is suitable for any situation. Skillful pigmentation is delicate and done at the right depth. Makeup must beautify, so over fashion and trends, we focus on naturalness, versatility and non-obviousness.<\/p>\t\t\t\t\t\t\t\t<\/div>\n\t\t\t\t<\/div>\n\t\t\t\t\t<\/div>\n\t\t<\/div>\n\t\t\t\t\t<\/div>\n\t\t<\/section>\n\t\t\t\t<div class=\"elementor-element elementor-element-9adda9b elementor-widget elementor-widget-spacer\" data-id=\"9adda9b\" data-element_type=\"widget\" data-widget_type=\"spacer.default\">\n\t\t\t\t<div class=\"elementor-widget-container\">\n\t\t\t\t\t\t\t<div class=\"elementor-spacer\">\n\t\t\t<div class=\"elementor-spacer-inner\"><\/div>\n\t\t<\/div>\n\t\t\t\t\t\t<\/div>\n\t\t\t\t<\/div>\n\t\t\t\t<div class=\"elementor-element elementor-element-56c90e9 elementor-widget elementor-widget-heading\" data-id=\"56c90e9\" data-element_type=\"widget\" data-widget_type=\"heading.default\">\n\t\t\t\t<div class=\"elementor-widget-container\">\n\t\t\t\t\t<h2 class=\"elementor-heading-title elementor-size-default\">Contraindications<\/h2>\t\t\t\t<\/div>\n\t\t\t\t<\/div>\n\t\t\t\t<div class=\"elementor-element elementor-element-d9c7582 elementor-widget-divider--view-line elementor-widget elementor-widget-divider\" data-id=\"d9c7582\" data-element_type=\"widget\" data-widget_type=\"divider.default\">\n\t\t\t\t<div class=\"elementor-widget-container\">\n\t\t\t\t\t\t\t<div class=\"elementor-divider\">\n\t\t\t<span class=\"elementor-divider-separator\">\n\t\t\t\t\t\t<\/span>\n\t\t<\/div>\n\t\t\t\t\t\t<\/div>\n\t\t\t\t<\/div>\n\t\t\t\t<div class=\"elementor-element elementor-element-1117233 elementor-widget elementor-widget-text-editor\" data-id=\"1117233\" data-element_type=\"widget\" data-widget_type=\"text-editor.default\">\n\t\t\t\t<div class=\"elementor-widget-container\">\n\t\t\t\t\t\t\t\t\t<p>Contraindications to permanent makeup are divided into absolute and relative contraindications. Absolute ones disqualify from performing the procedure at a certain time or permanently, while relative ones are subject to evaluation by the operator performing the procedure (linergist). Before any procedure, the possibility of performing it should be consulted so that pigmentation takes place at the safest time.<\/p><p><b>ABSOLUTE DISQUALIFICATION FROM THE PROCEDURE: pregnancy, breastfeeding, fever, active skin inflammation at the pigmentation site, herpes, or being under the influence of alcohol or drugs.<\/b><\/p><ul><li>allergy to pigments (sensitivity test possible), allergy to heavy metals, <b>pregnancy, breastfeeding<\/b>, epilepsy, active cancer, antibiotic therapy, steroid therapy, infection, skin diseases, recently tanned skin and sun exposure, treatment cycle with acids and exfoliation<b> fever<\/b>, weakened immune system, diabetes, heart diseases, hormonal and autoimmune disorders, retinal and corneal diseases<b> , active inflammation in the pigmented area<\/b>, acne treatment, certain medications, dietary supplements, and herbs.<\/li><\/ul>\t\t\t\t\t\t\t\t<\/div>\n\t\t\t\t<\/div>\n\t\t\t\t<div class=\"elementor-element elementor-element-a96f4ec elementor-widget elementor-widget-heading\" data-id=\"a96f4ec\" data-element_type=\"widget\" data-widget_type=\"heading.default\">\n\t\t\t\t<div class=\"elementor-widget-container\">\n\t\t\t\t\t<h2 class=\"elementor-heading-title elementor-size-default\">Before treatment<\/h2>\t\t\t\t<\/div>\n\t\t\t\t<\/div>\n\t\t\t\t<div class=\"elementor-element elementor-element-470941f elementor-widget-divider--view-line elementor-widget elementor-widget-divider\" data-id=\"470941f\" data-element_type=\"widget\" data-widget_type=\"divider.default\">\n\t\t\t\t<div class=\"elementor-widget-container\">\n\t\t\t\t\t\t\t<div class=\"elementor-divider\">\n\t\t\t<span class=\"elementor-divider-separator\">\n\t\t\t\t\t\t<\/span>\n\t\t<\/div>\n\t\t\t\t\t\t<\/div>\n\t\t\t\t<\/div>\n\t\t\t\t<div class=\"elementor-element elementor-element-c5dcb65 elementor-widget elementor-widget-text-editor\" data-id=\"c5dcb65\" data-element_type=\"widget\" data-widget_type=\"text-editor.default\">\n\t\t\t\t<div class=\"elementor-widget-container\">\n\t\t\t\t\t\t\t\t\t<ul><li><strong>Before the procedure, inform the operator about taking any medications and supplements.<\/strong><\/li><li>Before the procedure, it is a good idea to start moisturizing the skin intensively (not greasy creams).<\/li><li>One week before the procedure, do not undergo laser treatments, hair removal, henna, intensive peels and acid therapies.<\/li><li>For 2-3 months before eyebrow and eyelid pigmentation, growth conditioners for eyelashes and eyebrows should be discontinued.<\/li><li>If herpes happens, a prescription drug (such as heviran) should be used 3 days before and 3 days after the procedure. The dose of the drug is chosen by the doctor.<\/li><li>On the day of the procedure, do not drink coffee, alcohol or use stimulants.<\/li><li>In the case of lip pigmentation, it is important to remember that smoking immediately after the procedure increases the chance of infection of the pigmented area.<\/li><\/ul>\t\t\t\t\t\t\t\t<\/div>\n\t\t\t\t<\/div>\n\t\t\t\t<div class=\"elementor-element elementor-element-f62722e elementor-widget elementor-widget-heading\" data-id=\"f62722e\" data-element_type=\"widget\" data-widget_type=\"heading.default\">\n\t\t\t\t<div class=\"elementor-widget-container\">\n\t\t\t\t\t<h2 class=\"elementor-heading-title elementor-size-default\">After treatment<\/h2>\t\t\t\t<\/div>\n\t\t\t\t<\/div>\n\t\t\t\t<div class=\"elementor-element elementor-element-5016acc elementor-widget-divider--view-line elementor-widget elementor-widget-divider\" data-id=\"5016acc\" data-element_type=\"widget\" data-widget_type=\"divider.default\">\n\t\t\t\t<div class=\"elementor-widget-container\">\n\t\t\t\t\t\t\t<div class=\"elementor-divider\">\n\t\t\t<span class=\"elementor-divider-separator\">\n\t\t\t\t\t\t<\/span>\n\t\t<\/div>\n\t\t\t\t\t\t<\/div>\n\t\t\t\t<\/div>\n\t\t\t\t<div class=\"elementor-element elementor-element-70c1b5a elementor-widget elementor-widget-text-editor\" data-id=\"70c1b5a\" data-element_type=\"widget\" data-widget_type=\"text-editor.default\">\n\t\t\t\t<div class=\"elementor-widget-container\">\n\t\t\t\t\t\t\t\t\t<p><strong>The final result of the treatment is the result of the linergist's work and the client's post-treatment care.<\/strong><\/p><p>After the procedure, it\u2019s essential to follow the operator's instructions carefully. For eyebrow, lip, and eyelid pigmentation, specific guidelines vary, yet a fundamental rule for all pigmentations is to keep the treated area clean and avoid picking at dry skin, as this may lead to gaps and require a repeat session. Immediately after the treatment, the color will appear very intense, but it will gradually peel and stabilize. The final color will be visible after 3-4 weeks.<\/p><p><b>Modern permanent makeup is a two-step procedure, that is, we apply complementary pigmentation to the main procedure. During the second visit, we can intensify, cool down or warm up the color, fill in the paler areas, correct the shape. We perform supplemental pigmentation a minimum of 3 weeks after the procedure and a maximum of 8 weeks afterwards.<\/b><\/p>\t\t\t\t\t\t\t\t<\/div>\n\t\t\t\t<\/div>\n\t\t\t\t<div class=\"elementor-element elementor-element-de18b1f elementor-widget elementor-widget-spacer\" data-id=\"de18b1f\" data-element_type=\"widget\" data-widget_type=\"spacer.default\">\n\t\t\t\t<div class=\"elementor-widget-container\">\n\t\t\t\t\t\t\t<div class=\"elementor-spacer\">\n\t\t\t<div class=\"elementor-spacer-inner\"><\/div>\n\t\t<\/div>\n\t\t\t\t\t\t<\/div>\n\t\t\t\t<\/div>\n\t\t\t\t\t<\/div>\n\t\t<\/div>\n\t\t\t\t\t<\/div>\n\t\t<\/section>\n\t\t\t\t<\/div>","protected":false},"excerpt":{"rendered":"<p>MAKIJA\u017b PERMANENTNY MAKIJA\u017b PERMANENTNY \u201eBy\u0107 tak blisko natury jak to tylko mo\u017cliwe\u201d &#8211; Nataliya Yeremenko Makija\u017c permanentny jest zabiegiem d\u0142ugotrwale podkre\u015blaj\u0105cym urod\u0119, koryguj\u0105cym drobne mankamenty. Dzi\u0119ki w\u0142a\u015bciwie dobranym odcieniom pigment\u00f3w, makija\u017c wsp\u00f3\u0142gra z naturaln\u0105 urod\u0105 i dodaje uroku bez efektu przerysowania. Tworzymy makija\u017c dzienny, uniwersalny, przydaj\u0105cy uroku i odpowiedni do ka\u017cdej sytuacji.&nbsp;Umiej\u0119tna pigmentacja jest delikatna [&hellip;]<\/p>","protected":false},"author":1,"featured_media":0,"parent":0,"menu_order":0,"comment_status":"closed","ping_status":"closed","template":"elementor_header_footer","meta":{"footnotes":""},"class_list":["post-306","page","type-page","status-publish","hentry"],"_links":{"self":[{"href":"https:\/\/www.nm-estetyka.pl\/en\/wp-json\/wp\/v2\/pages\/306","targetHints":{"allow":["GET"]}}],"collection":[{"href":"https:\/\/www.nm-estetyka.pl\/en\/wp-json\/wp\/v2\/pages"}],"about":[{"href":"https:\/\/www.nm-estetyka.pl\/en\/wp-json\/wp\/v2\/types\/page"}],"author":[{"embeddable":true,"href":"https:\/\/www.nm-estetyka.pl\/en\/wp-json\/wp\/v2\/users\/1"}],"replies":[{"embeddable":true,"href":"https:\/\/www.nm-estetyka.pl\/en\/wp-json\/wp\/v2\/comments?post=306"}],"version-history":[{"count":18,"href":"https:\/\/www.nm-estetyka.pl\/en\/wp-json\/wp\/v2\/pages\/306\/revisions"}],"predecessor-version":[{"id":2252,"href":"https:\/\/www.nm-estetyka.pl\/en\/wp-json\/wp\/v2\/pages\/306\/revisions\/2252"}],"wp:attachment":[{"href":"https:\/\/www.nm-estetyka.pl\/en\/wp-json\/wp\/v2\/media?parent=306"}],"curies":[{"name":"wp","href":"https:\/\/api.w.org\/{rel}","templated":true}]}}