{"id":21,"date":"2022-12-10T10:16:41","date_gmt":"2022-12-10T09:16:41","guid":{"rendered":"https:\/\/www.nm-estetyka.pl\/?page_id=21"},"modified":"2022-12-10T12:29:43","modified_gmt":"2022-12-10T11:29:43","slug":"wpisy","status":"publish","type":"page","link":"https:\/\/www.nm-estetyka.pl\/en\/wpisy\/","title":{"rendered":"Posts"},"content":{"rendered":"<div data-elementor-type=\"wp-page\" data-elementor-id=\"21\" class=\"elementor elementor-21\">\n\t\t\t\t\t\t<section class=\"elementor-section elementor-top-section elementor-element elementor-element-0076143 elementor-section-boxed elementor-section-height-default elementor-section-height-default\" data-id=\"0076143\" data-element_type=\"section\" data-settings=\"{&quot;background_background&quot;:&quot;classic&quot;}\">\n\t\t\t\t\t\t<div class=\"elementor-container elementor-column-gap-default\">\n\t\t\t\t\t<div class=\"elementor-column elementor-col-100 elementor-top-column elementor-element elementor-element-144b3f5\" data-id=\"144b3f5\" data-element_type=\"column\">\n\t\t\t<div class=\"elementor-widget-wrap elementor-element-populated\">\n\t\t\t\t\t\t<div class=\"elementor-element elementor-element-a39a5f6 elementor-widget elementor-widget-spacer\" data-id=\"a39a5f6\" data-element_type=\"widget\" data-widget_type=\"spacer.default\">\n\t\t\t\t<div class=\"elementor-widget-container\">\n\t\t\t\t\t\t\t<div class=\"elementor-spacer\">\n\t\t\t<div class=\"elementor-spacer-inner\"><\/div>\n\t\t<\/div>\n\t\t\t\t\t\t<\/div>\n\t\t\t\t<\/div>\n\t\t\t\t<div class=\"elementor-element elementor-element-b2a7800 elementor-widget elementor-widget-heading\" data-id=\"b2a7800\" data-element_type=\"widget\" data-widget_type=\"heading.default\">\n\t\t\t\t<div class=\"elementor-widget-container\">\n\t\t\t\t\t<h2 class=\"elementor-heading-title elementor-size-default\">Posts<\/h2>\t\t\t\t<\/div>\n\t\t\t\t<\/div>\n\t\t\t\t<div class=\"elementor-element elementor-element-f68e17c elementor-widget elementor-widget-spacer\" data-id=\"f68e17c\" data-element_type=\"widget\" data-widget_type=\"spacer.default\">\n\t\t\t\t<div class=\"elementor-widget-container\">\n\t\t\t\t\t\t\t<div class=\"elementor-spacer\">\n\t\t\t<div class=\"elementor-spacer-inner\"><\/div>\n\t\t<\/div>\n\t\t\t\t\t\t<\/div>\n\t\t\t\t<\/div>\n\t\t\t\t\t<\/div>\n\t\t<\/div>\n\t\t\t\t\t<\/div>\n\t\t<\/section>\n\t\t\t\t<section class=\"elementor-section elementor-top-section elementor-element elementor-element-a239f7c elementor-section-boxed elementor-section-height-default elementor-section-height-default\" data-id=\"a239f7c\" data-element_type=\"section\" data-settings=\"{&quot;background_background&quot;:&quot;classic&quot;}\">\n\t\t\t\t\t\t<div class=\"elementor-container elementor-column-gap-default\">\n\t\t\t\t\t<div class=\"elementor-column elementor-col-100 elementor-top-column elementor-element elementor-element-09c16ab\" data-id=\"09c16ab\" data-element_type=\"column\">\n\t\t\t<div class=\"elementor-widget-wrap elementor-element-populated\">\n\t\t\t\t\t\t<div class=\"elementor-element elementor-element-85a3340 elementor-widget elementor-widget-spacer\" data-id=\"85a3340\" data-element_type=\"widget\" data-widget_type=\"spacer.default\">\n\t\t\t\t<div class=\"elementor-widget-container\">\n\t\t\t\t\t\t\t<div class=\"elementor-spacer\">\n\t\t\t<div class=\"elementor-spacer-inner\"><\/div>\n\t\t<\/div>\n\t\t\t\t\t\t<\/div>\n\t\t\t\t<\/div>\n\t\t\t\t<div class=\"elementor-element elementor-element-8aca3ae elementor-grid-3 elementor-grid-tablet-2 elementor-grid-mobile-1 elementor-posts--thumbnail-top elementor-widget elementor-widget-posts\" data-id=\"8aca3ae\" data-element_type=\"widget\" data-settings=\"{&quot;classic_columns&quot;:&quot;3&quot;,&quot;classic_columns_tablet&quot;:&quot;2&quot;,&quot;classic_columns_mobile&quot;:&quot;1&quot;,&quot;classic_row_gap&quot;:{&quot;unit&quot;:&quot;px&quot;,&quot;size&quot;:35,&quot;sizes&quot;:[]},&quot;classic_row_gap_tablet&quot;:{&quot;unit&quot;:&quot;px&quot;,&quot;size&quot;:&quot;&quot;,&quot;sizes&quot;:[]},&quot;classic_row_gap_mobile&quot;:{&quot;unit&quot;:&quot;px&quot;,&quot;size&quot;:&quot;&quot;,&quot;sizes&quot;:[]}}\" data-widget_type=\"posts.classic\">\n\t\t\t\t<div class=\"elementor-widget-container\">\n\t\t\t\t\t\t\t<div class=\"elementor-posts-container elementor-posts elementor-posts--skin-classic elementor-grid\">\n\t\t\t\t<article class=\"elementor-post elementor-grid-item post-2615 post type-post status-publish format-standard has-post-thumbnail hentry category-pmu tag-mikropigmentacja-piegow\">\n\t\t\t\t<a class=\"elementor-post__thumbnail__link\" href=\"https:\/\/www.nm-estetyka.pl\/en\/mikropigmentacja-piegow-naturalny-efekt\/\" >\n\t\t\t<div class=\"elementor-post__thumbnail\"><img fetchpriority=\"high\" decoding=\"async\" width=\"1200\" height=\"1600\" src=\"https:\/\/www.nm-estetyka.pl\/wp-content\/uploads\/2024\/09\/WhatsApp-Image-2024-09-17-at-14.02.38-13.jpeg\" class=\"attachment-full size-full wp-image-1454\" alt=\"makija\u017c permanentny Warszawa\" srcset=\"https:\/\/www.nm-estetyka.pl\/wp-content\/uploads\/2024\/09\/WhatsApp-Image-2024-09-17-at-14.02.38-13.jpeg 1200w, https:\/\/www.nm-estetyka.pl\/wp-content\/uploads\/2024\/09\/WhatsApp-Image-2024-09-17-at-14.02.38-13-225x300.jpeg 225w, https:\/\/www.nm-estetyka.pl\/wp-content\/uploads\/2024\/09\/WhatsApp-Image-2024-09-17-at-14.02.38-13-768x1024.jpeg 768w, https:\/\/www.nm-estetyka.pl\/wp-content\/uploads\/2024\/09\/WhatsApp-Image-2024-09-17-at-14.02.38-13-1152x1536.jpeg 1152w, https:\/\/www.nm-estetyka.pl\/wp-content\/uploads\/2024\/09\/WhatsApp-Image-2024-09-17-at-14.02.38-13-9x12.jpeg 9w\" sizes=\"(max-width: 1200px) 100vw, 1200px\" \/><\/div>\n\t\t<\/a>\n\t\t\t\t<div class=\"elementor-post__text\">\n\t\t\t\t<h3 class=\"elementor-post__title\">\n\t\t\t<a href=\"https:\/\/www.nm-estetyka.pl\/en\/mikropigmentacja-piegow-naturalny-efekt\/\" >\n\t\t\t\tFreckle Micropigmentation: A Natural Skin Effect\t\t\t<\/a>\n\t\t<\/h3>\n\t\t\t\t<div class=\"elementor-post__meta-data\">\n\t\t\t\t\t<span class=\"elementor-post-date\">\n\t\t\t2025-02-09\t\t<\/span>\n\t\t\t\t<\/div>\n\t\t\t\t<div class=\"elementor-post__excerpt\">\n\t\t\t<p>Piegi od lat kojarzone s\u0105 z m\u0142odzie\u0144cz\u0105 \u015bwie\u017co\u015bci\u0105, wakacyjn\u0105 beztrosk\u0105 i naturalnym urokiem. Nie ka\u017cdy jednak zosta\u0142 nimi obdarzony przez natur\u0119, dlatego coraz wi\u0119ksz\u0105<\/p>\n\t\t<\/div>\n\t\t\n\t\t<a class=\"elementor-post__read-more\" href=\"https:\/\/www.nm-estetyka.pl\/en\/mikropigmentacja-piegow-naturalny-efekt\/\" >\n\t\t\tRead more...\t\t<\/a>\n\n\t\t\t\t<\/div>\n\t\t\t\t<\/article>\n\t\t\t\t<article class=\"elementor-post elementor-grid-item post-2601 post type-post status-publish format-standard has-post-thumbnail hentry category-pmu tag-laserowe-usuwanie-makijazu-permanentnego\">\n\t\t\t\t<a class=\"elementor-post__thumbnail__link\" href=\"https:\/\/www.nm-estetyka.pl\/en\/laserowe-usuwanie-makijazu-permanentnego-na-czym-polega\/\" >\n\t\t\t<div class=\"elementor-post__thumbnail\"><img decoding=\"async\" width=\"1600\" height=\"1600\" src=\"https:\/\/www.nm-estetyka.pl\/wp-content\/uploads\/2024\/09\/WhatsApp-Image-2024-09-21-at-19.00.04.jpeg\" class=\"attachment-full size-full wp-image-1718\" alt=\"laserowe usuwanie makija\u017cu permanentnego Warszawa\" srcset=\"https:\/\/www.nm-estetyka.pl\/wp-content\/uploads\/2024\/09\/WhatsApp-Image-2024-09-21-at-19.00.04.jpeg 1600w, https:\/\/www.nm-estetyka.pl\/wp-content\/uploads\/2024\/09\/WhatsApp-Image-2024-09-21-at-19.00.04-300x300.jpeg 300w, https:\/\/www.nm-estetyka.pl\/wp-content\/uploads\/2024\/09\/WhatsApp-Image-2024-09-21-at-19.00.04-1024x1024.jpeg 1024w, https:\/\/www.nm-estetyka.pl\/wp-content\/uploads\/2024\/09\/WhatsApp-Image-2024-09-21-at-19.00.04-150x150.jpeg 150w, https:\/\/www.nm-estetyka.pl\/wp-content\/uploads\/2024\/09\/WhatsApp-Image-2024-09-21-at-19.00.04-768x768.jpeg 768w, https:\/\/www.nm-estetyka.pl\/wp-content\/uploads\/2024\/09\/WhatsApp-Image-2024-09-21-at-19.00.04-1536x1536.jpeg 1536w, https:\/\/www.nm-estetyka.pl\/wp-content\/uploads\/2024\/09\/WhatsApp-Image-2024-09-21-at-19.00.04-12x12.jpeg 12w\" sizes=\"(max-width: 1600px) 100vw, 1600px\" \/><\/div>\n\t\t<\/a>\n\t\t\t\t<div class=\"elementor-post__text\">\n\t\t\t\t<h3 class=\"elementor-post__title\">\n\t\t\t<a href=\"https:\/\/www.nm-estetyka.pl\/en\/laserowe-usuwanie-makijazu-permanentnego-na-czym-polega\/\" >\n\t\t\t\tLaser Permanent Makeup Removal \u2013 What Is It About?\t\t\t<\/a>\n\t\t<\/h3>\n\t\t\t\t<div class=\"elementor-post__meta-data\">\n\t\t\t\t\t<span class=\"elementor-post-date\">\n\t\t\t2025-02-09\t\t<\/span>\n\t\t\t\t<\/div>\n\t\t\t\t<div class=\"elementor-post__excerpt\">\n\t\t\t<p>Makija\u017c permanentny jest popularnym rozwi\u0105zaniem dla os\u00f3b pragn\u0105cych podkre\u015bli\u0107 swoje rysy twarzy i zaoszcz\u0119dzi\u0107 czas na codziennym makija\u017cu. Jednak zdarzaj\u0105 si\u0119 sytuacje, w kt\u00f3rych<\/p>\n\t\t<\/div>\n\t\t\n\t\t<a class=\"elementor-post__read-more\" href=\"https:\/\/www.nm-estetyka.pl\/en\/laserowe-usuwanie-makijazu-permanentnego-na-czym-polega\/\" >\n\t\t\tRead more...\t\t<\/a>\n\n\t\t\t\t<\/div>\n\t\t\t\t<\/article>\n\t\t\t\t<article class=\"elementor-post elementor-grid-item post-2587 post type-post status-publish format-standard has-post-thumbnail hentry category-bez-kategorii tag-lysienie-plackowate\">\n\t\t\t\t<a class=\"elementor-post__thumbnail__link\" href=\"https:\/\/www.nm-estetyka.pl\/en\/lysienie-plackowate\/\" >\n\t\t\t<div class=\"elementor-post__thumbnail\"><img decoding=\"async\" width=\"1920\" height=\"1280\" src=\"https:\/\/www.nm-estetyka.pl\/wp-content\/uploads\/2025\/01\/DSC_9204.jpg\" class=\"attachment-full size-full wp-image-2522\" alt=\"mikropigmentacja sk\u00f3ry g\u0142owy Warszawa\" srcset=\"https:\/\/www.nm-estetyka.pl\/wp-content\/uploads\/2025\/01\/DSC_9204.jpg 1920w, https:\/\/www.nm-estetyka.pl\/wp-content\/uploads\/2025\/01\/DSC_9204-300x200.jpg 300w, https:\/\/www.nm-estetyka.pl\/wp-content\/uploads\/2025\/01\/DSC_9204-1024x683.jpg 1024w, https:\/\/www.nm-estetyka.pl\/wp-content\/uploads\/2025\/01\/DSC_9204-768x512.jpg 768w, https:\/\/www.nm-estetyka.pl\/wp-content\/uploads\/2025\/01\/DSC_9204-1536x1024.jpg 1536w, https:\/\/www.nm-estetyka.pl\/wp-content\/uploads\/2025\/01\/DSC_9204-18x12.jpg 18w\" sizes=\"(max-width: 1920px) 100vw, 1920px\" \/><\/div>\n\t\t<\/a>\n\t\t\t\t<div class=\"elementor-post__text\">\n\t\t\t\t<h3 class=\"elementor-post__title\">\n\t\t\t<a href=\"https:\/\/www.nm-estetyka.pl\/en\/lysienie-plackowate\/\" >\n\t\t\t\tAlopecia Areata \u2013 Battling Hair Loss and Regaining Confidence\t\t\t<\/a>\n\t\t<\/h3>\n\t\t\t\t<div class=\"elementor-post__meta-data\">\n\t\t\t\t\t<span class=\"elementor-post-date\">\n\t\t\t2025-01-23\t\t<\/span>\n\t\t\t\t<\/div>\n\t\t\t\t<div class=\"elementor-post__excerpt\">\n\t\t\t<p>\u0141ysienie plackowate to schorzenie, kt\u00f3re dotyka zar\u00f3wno m\u0119\u017cczyzn, jak i kobiety, niezale\u017cnie od wieku. Jest to autoimmunologiczne zaburzenie, w kt\u00f3rym uk\u0142ad odporno\u015bciowy atakuje mieszki<\/p>\n\t\t<\/div>\n\t\t\n\t\t<a class=\"elementor-post__read-more\" href=\"https:\/\/www.nm-estetyka.pl\/en\/lysienie-plackowate\/\" >\n\t\t\tRead more...\t\t<\/a>\n\n\t\t\t\t<\/div>\n\t\t\t\t<\/article>\n\t\t\t\t<article class=\"elementor-post elementor-grid-item post-2419 post type-post status-publish format-standard has-post-thumbnail hentry category-smp tag-bledy tag-mikropigmentacja-skory-glowy\">\n\t\t\t\t<a class=\"elementor-post__thumbnail__link\" href=\"https:\/\/www.nm-estetyka.pl\/en\/te-bledy-moga-zepsuc-efekt-mikropigmentacji\/\" >\n\t\t\t<div class=\"elementor-post__thumbnail\"><img loading=\"lazy\" decoding=\"async\" width=\"1536\" height=\"2048\" src=\"https:\/\/www.nm-estetyka.pl\/wp-content\/uploads\/2024\/08\/WhatsApp-Image-2024-08-07-at-13.20.51.jpeg\" class=\"attachment-full size-full wp-image-1251\" alt=\"mikropigmentacja sk\u00f3ry g\u0142owy Warszawa\" srcset=\"https:\/\/www.nm-estetyka.pl\/wp-content\/uploads\/2024\/08\/WhatsApp-Image-2024-08-07-at-13.20.51.jpeg 1536w, https:\/\/www.nm-estetyka.pl\/wp-content\/uploads\/2024\/08\/WhatsApp-Image-2024-08-07-at-13.20.51-225x300.jpeg 225w, https:\/\/www.nm-estetyka.pl\/wp-content\/uploads\/2024\/08\/WhatsApp-Image-2024-08-07-at-13.20.51-768x1024.jpeg 768w, https:\/\/www.nm-estetyka.pl\/wp-content\/uploads\/2024\/08\/WhatsApp-Image-2024-08-07-at-13.20.51-1152x1536.jpeg 1152w, https:\/\/www.nm-estetyka.pl\/wp-content\/uploads\/2024\/08\/WhatsApp-Image-2024-08-07-at-13.20.51-9x12.jpeg 9w\" sizes=\"(max-width: 1536px) 100vw, 1536px\" \/><\/div>\n\t\t<\/a>\n\t\t\t\t<div class=\"elementor-post__text\">\n\t\t\t\t<h3 class=\"elementor-post__title\">\n\t\t\t<a href=\"https:\/\/www.nm-estetyka.pl\/en\/te-bledy-moga-zepsuc-efekt-mikropigmentacji\/\" >\n\t\t\t\tAvoid These Mistakes That Could Ruin Your Micropigmentation Results\t\t\t<\/a>\n\t\t<\/h3>\n\t\t\t\t<div class=\"elementor-post__meta-data\">\n\t\t\t\t\t<span class=\"elementor-post-date\">\n\t\t\t2024-11-27\t\t<\/span>\n\t\t\t\t<\/div>\n\t\t\t\t<div class=\"elementor-post__excerpt\">\n\t\t\t<p>Mikropigmentacja sk\u00f3ry g\u0142owy to skuteczna i coraz bardziej popularna metoda, kt\u00f3ra pozwala odzyska\u0107 pewno\u015b\u0107 siebie i poprawi\u0107 wygl\u0105d os\u00f3b borykaj\u0105cych si\u0119 z problemem \u0142ysienia.<\/p>\n\t\t<\/div>\n\t\t\n\t\t<a class=\"elementor-post__read-more\" href=\"https:\/\/www.nm-estetyka.pl\/en\/te-bledy-moga-zepsuc-efekt-mikropigmentacji\/\" >\n\t\t\tRead more...\t\t<\/a>\n\n\t\t\t\t<\/div>\n\t\t\t\t<\/article>\n\t\t\t\t<article class=\"elementor-post elementor-grid-item post-2398 post type-post status-publish format-standard has-post-thumbnail hentry category-smp tag-roznice tag-tatuaz\">\n\t\t\t\t<a class=\"elementor-post__thumbnail__link\" href=\"https:\/\/www.nm-estetyka.pl\/en\/mikropigmentacja-skory-glowy-a-tatuaz\/\" >\n\t\t\t<div class=\"elementor-post__thumbnail\"><img loading=\"lazy\" decoding=\"async\" width=\"1181\" height=\"1476\" src=\"https:\/\/www.nm-estetyka.pl\/wp-content\/uploads\/2023\/04\/JPR_9338-1.jpg\" class=\"attachment-full size-full wp-image-548\" alt=\"Mikropigmentacja sk\u00f3ry g\u0142owy Warszawa\" srcset=\"https:\/\/www.nm-estetyka.pl\/wp-content\/uploads\/2023\/04\/JPR_9338-1.jpg 1181w, https:\/\/www.nm-estetyka.pl\/wp-content\/uploads\/2023\/04\/JPR_9338-1-240x300.jpg 240w, https:\/\/www.nm-estetyka.pl\/wp-content\/uploads\/2023\/04\/JPR_9338-1-819x1024.jpg 819w, https:\/\/www.nm-estetyka.pl\/wp-content\/uploads\/2023\/04\/JPR_9338-1-768x960.jpg 768w, https:\/\/www.nm-estetyka.pl\/wp-content\/uploads\/2023\/04\/JPR_9338-1-10x12.jpg 10w\" sizes=\"(max-width: 1181px) 100vw, 1181px\" \/><\/div>\n\t\t<\/a>\n\t\t\t\t<div class=\"elementor-post__text\">\n\t\t\t\t<h3 class=\"elementor-post__title\">\n\t\t\t<a href=\"https:\/\/www.nm-estetyka.pl\/en\/mikropigmentacja-skory-glowy-a-tatuaz\/\" >\n\t\t\t\tScalp Micropigmentation vs. Tattoo \u2013 What Are the Differences?\t\t\t<\/a>\n\t\t<\/h3>\n\t\t\t\t<div class=\"elementor-post__meta-data\">\n\t\t\t\t\t<span class=\"elementor-post-date\">\n\t\t\t2024-11-26\t\t<\/span>\n\t\t\t\t<\/div>\n\t\t\t\t<div class=\"elementor-post__excerpt\">\n\t\t\t<p>Mikropigmentacja sk\u00f3ry g\u0142owy (SMP) i tatua\u017c to dwie procedury, kt\u00f3re na pierwszy rzut oka mog\u0105 wydawa\u0107 si\u0119 do siebie podobne, poniewa\u017c w obu przypadkach<\/p>\n\t\t<\/div>\n\t\t\n\t\t<a class=\"elementor-post__read-more\" href=\"https:\/\/www.nm-estetyka.pl\/en\/mikropigmentacja-skory-glowy-a-tatuaz\/\" >\n\t\t\tRead more...\t\t<\/a>\n\n\t\t\t\t<\/div>\n\t\t\t\t<\/article>\n\t\t\t\t<article class=\"elementor-post elementor-grid-item post-2198 post type-post status-publish format-standard has-post-thumbnail hentry category-smp tag-mikropigmentacja-skory-glowy tag-mit tag-mity\">\n\t\t\t\t<a class=\"elementor-post__thumbnail__link\" href=\"https:\/\/www.nm-estetyka.pl\/en\/najczestsze-mity-o-mikropigmentacji-skory-glowy\/\" >\n\t\t\t<div class=\"elementor-post__thumbnail\"><img loading=\"lazy\" decoding=\"async\" width=\"1536\" height=\"2048\" src=\"https:\/\/www.nm-estetyka.pl\/wp-content\/uploads\/2024\/10\/WhatsApp-Image-2024-10-03-at-16.52.37.jpeg\" class=\"attachment-full size-full wp-image-2054\" alt=\"mikropigmentacja sk\u00f3ry g\u0142owy Warszawa\" srcset=\"https:\/\/www.nm-estetyka.pl\/wp-content\/uploads\/2024\/10\/WhatsApp-Image-2024-10-03-at-16.52.37.jpeg 1536w, https:\/\/www.nm-estetyka.pl\/wp-content\/uploads\/2024\/10\/WhatsApp-Image-2024-10-03-at-16.52.37-225x300.jpeg 225w, https:\/\/www.nm-estetyka.pl\/wp-content\/uploads\/2024\/10\/WhatsApp-Image-2024-10-03-at-16.52.37-768x1024.jpeg 768w, https:\/\/www.nm-estetyka.pl\/wp-content\/uploads\/2024\/10\/WhatsApp-Image-2024-10-03-at-16.52.37-1152x1536.jpeg 1152w, https:\/\/www.nm-estetyka.pl\/wp-content\/uploads\/2024\/10\/WhatsApp-Image-2024-10-03-at-16.52.37-9x12.jpeg 9w\" sizes=\"(max-width: 1536px) 100vw, 1536px\" \/><\/div>\n\t\t<\/a>\n\t\t\t\t<div class=\"elementor-post__text\">\n\t\t\t\t<h3 class=\"elementor-post__title\">\n\t\t\t<a href=\"https:\/\/www.nm-estetyka.pl\/en\/najczestsze-mity-o-mikropigmentacji-skory-glowy\/\" >\n\t\t\t\tCommon Myths About Scalp Micropigmentation\t\t\t<\/a>\n\t\t<\/h3>\n\t\t\t\t<div class=\"elementor-post__meta-data\">\n\t\t\t\t\t<span class=\"elementor-post-date\">\n\t\t\t2024-11-03\t\t<\/span>\n\t\t\t\t<\/div>\n\t\t\t\t<div class=\"elementor-post__excerpt\">\n\t\t\t<p>Mikropigmentacja sk\u00f3ry g\u0142owy to innowacyjna procedura, kt\u00f3ra zdobywa coraz wi\u0119ksz\u0105 popularno\u015b\u0107 jako skuteczne rozwi\u0105zanie problem\u00f3w z \u0142ysieniem. Pomimo jej rosn\u0105cej popularno\u015bci, wci\u0105\u017c istnieje wiele<\/p>\n\t\t<\/div>\n\t\t\n\t\t<a class=\"elementor-post__read-more\" href=\"https:\/\/www.nm-estetyka.pl\/en\/najczestsze-mity-o-mikropigmentacji-skory-glowy\/\" >\n\t\t\tRead more...\t\t<\/a>\n\n\t\t\t\t<\/div>\n\t\t\t\t<\/article>\n\t\t\t\t<\/div>\n\t\t\n\t\t\t\t\t\t<\/div>\n\t\t\t\t<\/div>\n\t\t\t\t<div class=\"elementor-element elementor-element-b67dbd7 elementor-widget elementor-widget-spacer\" data-id=\"b67dbd7\" data-element_type=\"widget\" data-widget_type=\"spacer.default\">\n\t\t\t\t<div class=\"elementor-widget-container\">\n\t\t\t\t\t\t\t<div class=\"elementor-spacer\">\n\t\t\t<div class=\"elementor-spacer-inner\"><\/div>\n\t\t<\/div>\n\t\t\t\t\t\t<\/div>\n\t\t\t\t<\/div>\n\t\t\t\t\t<\/div>\n\t\t<\/div>\n\t\t\t\t\t<\/div>\n\t\t<\/section>\n\t\t\t\t<\/div>","protected":false},"excerpt":{"rendered":"<p>Posts<\/p>","protected":false},"author":1,"featured_media":0,"parent":0,"menu_order":0,"comment_status":"closed","ping_status":"closed","template":"elementor_header_footer","meta":{"footnotes":""},"class_list":["post-21","page","type-page","status-publish","hentry"],"_links":{"self":[{"href":"https:\/\/www.nm-estetyka.pl\/en\/wp-json\/wp\/v2\/pages\/21","targetHints":{"allow":["GET"]}}],"collection":[{"href":"https:\/\/www.nm-estetyka.pl\/en\/wp-json\/wp\/v2\/pages"}],"about":[{"href":"https:\/\/www.nm-estetyka.pl\/en\/wp-json\/wp\/v2\/types\/page"}],"author":[{"embeddable":true,"href":"https:\/\/www.nm-estetyka.pl\/en\/wp-json\/wp\/v2\/users\/1"}],"replies":[{"embeddable":true,"href":"https:\/\/www.nm-estetyka.pl\/en\/wp-json\/wp\/v2\/comments?post=21"}],"version-history":[{"count":13,"href":"https:\/\/www.nm-estetyka.pl\/en\/wp-json\/wp\/v2\/pages\/21\/revisions"}],"predecessor-version":[{"id":238,"href":"https:\/\/www.nm-estetyka.pl\/en\/wp-json\/wp\/v2\/pages\/21\/revisions\/238"}],"wp:attachment":[{"href":"https:\/\/www.nm-estetyka.pl\/en\/wp-json\/wp\/v2\/media?parent=21"}],"curies":[{"name":"wp","href":"https:\/\/api.w.org\/{rel}","templated":true}]}}