{"id":2056,"date":"2024-10-03T23:12:40","date_gmt":"2024-10-03T21:12:40","guid":{"rendered":"https:\/\/www.nm-estetyka.pl\/?page_id=2056"},"modified":"2025-05-22T15:39:30","modified_gmt":"2025-05-22T13:39:30","slug":"szkolenia","status":"publish","type":"page","link":"https:\/\/www.nm-estetyka.pl\/en\/szkolenia\/","title":{"rendered":"Courses"},"content":{"rendered":"<div data-elementor-type=\"wp-page\" data-elementor-id=\"2056\" class=\"elementor elementor-2056\">\n\t\t\t\t\t\t<section class=\"elementor-section elementor-top-section elementor-element elementor-element-55217a1 elementor-section-boxed elementor-section-height-default elementor-section-height-default\" data-id=\"55217a1\" data-element_type=\"section\" data-settings=\"{&quot;background_background&quot;:&quot;classic&quot;}\">\n\t\t\t\t\t\t<div class=\"elementor-container elementor-column-gap-default\">\n\t\t\t\t\t<div class=\"elementor-column elementor-col-100 elementor-top-column elementor-element elementor-element-42689dd9\" data-id=\"42689dd9\" data-element_type=\"column\">\n\t\t\t<div class=\"elementor-widget-wrap elementor-element-populated\">\n\t\t\t\t\t\t<div class=\"elementor-element elementor-element-4b3e7f6c elementor-widget elementor-widget-spacer\" data-id=\"4b3e7f6c\" data-element_type=\"widget\" data-widget_type=\"spacer.default\">\n\t\t\t\t<div class=\"elementor-widget-container\">\n\t\t\t\t\t\t\t<div class=\"elementor-spacer\">\n\t\t\t<div class=\"elementor-spacer-inner\"><\/div>\n\t\t<\/div>\n\t\t\t\t\t\t<\/div>\n\t\t\t\t<\/div>\n\t\t\t\t<div class=\"elementor-element elementor-element-2da8c4c1 elementor-widget elementor-widget-heading\" data-id=\"2da8c4c1\" data-element_type=\"widget\" data-widget_type=\"heading.default\">\n\t\t\t\t<div class=\"elementor-widget-container\">\n\t\t\t\t\t<h2 class=\"elementor-heading-title elementor-size-default\">szkolenia<\/h2>\t\t\t\t<\/div>\n\t\t\t\t<\/div>\n\t\t\t\t<div class=\"elementor-element elementor-element-3991b024 elementor-widget elementor-widget-spacer\" data-id=\"3991b024\" data-element_type=\"widget\" data-widget_type=\"spacer.default\">\n\t\t\t\t<div class=\"elementor-widget-container\">\n\t\t\t\t\t\t\t<div class=\"elementor-spacer\">\n\t\t\t<div class=\"elementor-spacer-inner\"><\/div>\n\t\t<\/div>\n\t\t\t\t\t\t<\/div>\n\t\t\t\t<\/div>\n\t\t\t\t\t<\/div>\n\t\t<\/div>\n\t\t\t\t\t<\/div>\n\t\t<\/section>\n\t\t\t\t<section class=\"elementor-section elementor-top-section elementor-element elementor-element-2a3127ce elementor-section-boxed elementor-section-height-default elementor-section-height-default\" data-id=\"2a3127ce\" data-element_type=\"section\">\n\t\t\t\t\t\t<div class=\"elementor-container elementor-column-gap-default\">\n\t\t\t\t\t<div class=\"elementor-column elementor-col-100 elementor-top-column elementor-element elementor-element-2e56c0f1\" data-id=\"2e56c0f1\" data-element_type=\"column\">\n\t\t\t<div class=\"elementor-widget-wrap elementor-element-populated\">\n\t\t\t\t\t\t<div class=\"elementor-element elementor-element-e5937f0 elementor-widget elementor-widget-text-editor\" data-id=\"e5937f0\" data-element_type=\"widget\" data-widget_type=\"text-editor.default\">\n\t\t\t\t<div class=\"elementor-widget-container\">\n\t\t\t\t\t\t\t\t\tSzykujemy co\u015b nowego \u2013 ju\u017c nied\u0142ugo zdradzimy szczeg\u00f3\u0142y. Aktualna oferta szkoleniowa dost\u0119pna pod <a href=\"mailto:kontakt@nm-estetyka.pl\">kontakt@nm-estetyka.pl<\/a>.\t\t\t\t\t\t\t\t<\/div>\n\t\t\t\t<\/div>\n\t\t\t\t<div class=\"elementor-element elementor-element-d2809ba elementor-widget elementor-widget-spacer\" data-id=\"d2809ba\" data-element_type=\"widget\" data-widget_type=\"spacer.default\">\n\t\t\t\t<div class=\"elementor-widget-container\">\n\t\t\t\t\t\t\t<div class=\"elementor-spacer\">\n\t\t\t<div class=\"elementor-spacer-inner\"><\/div>\n\t\t<\/div>\n\t\t\t\t\t\t<\/div>\n\t\t\t\t<\/div>\n\t\t\t\t\t<\/div>\n\t\t<\/div>\n\t\t\t\t\t<\/div>\n\t\t<\/section>\n\t\t\t\t<section class=\"elementor-section elementor-top-section elementor-element elementor-element-e5fc496 elementor-hidden-desktop elementor-hidden-tablet elementor-hidden-mobile elementor-section-boxed elementor-section-height-default elementor-section-height-default\" data-id=\"e5fc496\" data-element_type=\"section\">\n\t\t\t\t\t\t<div class=\"elementor-container elementor-column-gap-default\">\n\t\t\t\t\t<div class=\"elementor-column elementor-col-33 elementor-top-column elementor-element elementor-element-83ef362\" data-id=\"83ef362\" data-element_type=\"column\">\n\t\t\t<div class=\"elementor-widget-wrap elementor-element-populated\">\n\t\t\t\t\t\t<div class=\"elementor-element elementor-element-72c01db elementor-widget elementor-widget-image\" data-id=\"72c01db\" data-element_type=\"widget\" data-widget_type=\"image.default\">\n\t\t\t\t<div class=\"elementor-widget-container\">\n\t\t\t\t\t\t\t\t\t\t\t\t\t\t\t<img fetchpriority=\"high\" decoding=\"async\" width=\"225\" height=\"300\" src=\"https:\/\/www.nm-estetyka.pl\/wp-content\/uploads\/2024\/10\/WhatsApp-Image-2024-10-03-at-16.52.35-1-225x300.jpeg\" class=\"attachment-medium size-medium wp-image-2049\" alt=\"Szkolenie SMP Warszawa\" srcset=\"https:\/\/www.nm-estetyka.pl\/wp-content\/uploads\/2024\/10\/WhatsApp-Image-2024-10-03-at-16.52.35-1-225x300.jpeg 225w, https:\/\/www.nm-estetyka.pl\/wp-content\/uploads\/2024\/10\/WhatsApp-Image-2024-10-03-at-16.52.35-1-768x1024.jpeg 768w, https:\/\/www.nm-estetyka.pl\/wp-content\/uploads\/2024\/10\/WhatsApp-Image-2024-10-03-at-16.52.35-1-1152x1536.jpeg 1152w, https:\/\/www.nm-estetyka.pl\/wp-content\/uploads\/2024\/10\/WhatsApp-Image-2024-10-03-at-16.52.35-1-9x12.jpeg 9w, https:\/\/www.nm-estetyka.pl\/wp-content\/uploads\/2024\/10\/WhatsApp-Image-2024-10-03-at-16.52.35-1.jpeg 1536w\" sizes=\"(max-width: 225px) 100vw, 225px\" \/>\t\t\t\t\t\t\t\t\t\t\t\t\t\t\t<\/div>\n\t\t\t\t<\/div>\n\t\t\t\t\t<\/div>\n\t\t<\/div>\n\t\t\t\t<div class=\"elementor-column elementor-col-33 elementor-top-column elementor-element elementor-element-ae82cf6\" data-id=\"ae82cf6\" data-element_type=\"column\">\n\t\t\t<div class=\"elementor-widget-wrap elementor-element-populated\">\n\t\t\t\t\t\t<div class=\"elementor-element elementor-element-8d930d8 elementor-widget elementor-widget-image\" data-id=\"8d930d8\" data-element_type=\"widget\" data-widget_type=\"image.default\">\n\t\t\t\t<div class=\"elementor-widget-container\">\n\t\t\t\t\t\t\t\t\t\t\t\t\t\t\t<img decoding=\"async\" width=\"225\" height=\"300\" src=\"https:\/\/www.nm-estetyka.pl\/wp-content\/uploads\/2024\/10\/WhatsApp-Image-2024-10-03-at-16.52.36-225x300.jpeg\" class=\"attachment-medium size-medium wp-image-2052\" alt=\"Szkolenie SMP Warszawa\" srcset=\"https:\/\/www.nm-estetyka.pl\/wp-content\/uploads\/2024\/10\/WhatsApp-Image-2024-10-03-at-16.52.36-225x300.jpeg 225w, https:\/\/www.nm-estetyka.pl\/wp-content\/uploads\/2024\/10\/WhatsApp-Image-2024-10-03-at-16.52.36-768x1024.jpeg 768w, https:\/\/www.nm-estetyka.pl\/wp-content\/uploads\/2024\/10\/WhatsApp-Image-2024-10-03-at-16.52.36-1152x1536.jpeg 1152w, https:\/\/www.nm-estetyka.pl\/wp-content\/uploads\/2024\/10\/WhatsApp-Image-2024-10-03-at-16.52.36-9x12.jpeg 9w, https:\/\/www.nm-estetyka.pl\/wp-content\/uploads\/2024\/10\/WhatsApp-Image-2024-10-03-at-16.52.36.jpeg 1536w\" sizes=\"(max-width: 225px) 100vw, 225px\" \/>\t\t\t\t\t\t\t\t\t\t\t\t\t\t\t<\/div>\n\t\t\t\t<\/div>\n\t\t\t\t\t<\/div>\n\t\t<\/div>\n\t\t\t\t<div class=\"elementor-column elementor-col-33 elementor-top-column elementor-element elementor-element-3bd4a72\" data-id=\"3bd4a72\" data-element_type=\"column\">\n\t\t\t<div class=\"elementor-widget-wrap elementor-element-populated\">\n\t\t\t\t\t\t<div class=\"elementor-element elementor-element-6558832 elementor-widget elementor-widget-image\" data-id=\"6558832\" data-element_type=\"widget\" data-widget_type=\"image.default\">\n\t\t\t\t<div class=\"elementor-widget-container\">\n\t\t\t\t\t\t\t\t\t\t\t\t\t\t\t<img decoding=\"async\" width=\"225\" height=\"300\" src=\"https:\/\/www.nm-estetyka.pl\/wp-content\/uploads\/2024\/10\/WhatsApp-Image-2024-10-03-at-16.52.36-1-225x300.jpeg\" class=\"attachment-medium size-medium wp-image-2051\" alt=\"Szkolenie SMP Warszawa\" srcset=\"https:\/\/www.nm-estetyka.pl\/wp-content\/uploads\/2024\/10\/WhatsApp-Image-2024-10-03-at-16.52.36-1-225x300.jpeg 225w, https:\/\/www.nm-estetyka.pl\/wp-content\/uploads\/2024\/10\/WhatsApp-Image-2024-10-03-at-16.52.36-1-768x1024.jpeg 768w, https:\/\/www.nm-estetyka.pl\/wp-content\/uploads\/2024\/10\/WhatsApp-Image-2024-10-03-at-16.52.36-1-1152x1536.jpeg 1152w, https:\/\/www.nm-estetyka.pl\/wp-content\/uploads\/2024\/10\/WhatsApp-Image-2024-10-03-at-16.52.36-1-9x12.jpeg 9w, https:\/\/www.nm-estetyka.pl\/wp-content\/uploads\/2024\/10\/WhatsApp-Image-2024-10-03-at-16.52.36-1.jpeg 1536w\" sizes=\"(max-width: 225px) 100vw, 225px\" \/>\t\t\t\t\t\t\t\t\t\t\t\t\t\t\t<\/div>\n\t\t\t\t<\/div>\n\t\t\t\t\t<\/div>\n\t\t<\/div>\n\t\t\t\t\t<\/div>\n\t\t<\/section>\n\t\t\t\t<section class=\"elementor-section elementor-top-section elementor-element elementor-element-b1fb86c elementor-hidden-desktop elementor-hidden-tablet elementor-hidden-mobile elementor-section-boxed elementor-section-height-default elementor-section-height-default\" data-id=\"b1fb86c\" data-element_type=\"section\">\n\t\t\t\t\t\t<div class=\"elementor-container elementor-column-gap-default\">\n\t\t\t\t\t<div class=\"elementor-column elementor-col-100 elementor-top-column elementor-element elementor-element-72953a8\" data-id=\"72953a8\" data-element_type=\"column\">\n\t\t\t<div class=\"elementor-widget-wrap elementor-element-populated\">\n\t\t\t\t\t\t<div class=\"elementor-element elementor-element-c63b3c3 elementor-hidden-mobile elementor-widget elementor-widget-spacer\" data-id=\"c63b3c3\" data-element_type=\"widget\" data-widget_type=\"spacer.default\">\n\t\t\t\t<div class=\"elementor-widget-container\">\n\t\t\t\t\t\t\t<div class=\"elementor-spacer\">\n\t\t\t<div class=\"elementor-spacer-inner\"><\/div>\n\t\t<\/div>\n\t\t\t\t\t\t<\/div>\n\t\t\t\t<\/div>\n\t\t\t\t<div class=\"elementor-element elementor-element-cfee489 elementor-widget elementor-widget-heading\" data-id=\"cfee489\" data-element_type=\"widget\" data-widget_type=\"heading.default\">\n\t\t\t\t<div class=\"elementor-widget-container\">\n\t\t\t\t\t<h2 class=\"elementor-heading-title elementor-size-default\">SZKOLENIE SMP BASICS<\/h2>\t\t\t\t<\/div>\n\t\t\t\t<\/div>\n\t\t\t\t<div class=\"elementor-element elementor-element-07ab71d elementor-widget elementor-widget-text-editor\" data-id=\"07ab71d\" data-element_type=\"widget\" data-widget_type=\"text-editor.default\">\n\t\t\t\t<div class=\"elementor-widget-container\">\n\t\t\t\t\t\t\t\t\t<p>Zapraszamy do wzi\u0119cia udzia\u0142u w SMP Basics, programie stworzonym dla wszystkich os\u00f3b pracuj\u0105cych ze sk\u00f3r\u0105, w tym linergist\u00f3w i tatuator\u00f3w. To wyj\u0105tkowa okazja, aby poszerzy\u0107 swoje umiej\u0119tno\u015bci oraz pozna\u0107 nowoczesne techniki mikropigmentacji, kt\u00f3re wzbogac\u0105 Twoje kompetencje zawodowe.<\/p>\n<p>Podczas szkolenia uczestnicy dowiedz\u0105 si\u0119 m.in. jak prawid\u0142owo przygotowa\u0107 stanowisko do zabiegu, poznaj\u0105 technik\u0119 pigmentacji \u201emost natural hairline\u201d oraz zasady aftercare. Program obejmuje r\u00f3wnie\u017c r\u00f3\u017cne rodzaje pigment\u00f3w i igie\u0142, a tak\u017ce psychopedagogiczne aspekty pracy z klientem SMP.<\/p>\n<p>Szczeg\u00f3\u0142y oferty oraz pe\u0142en program szkolenia znajdziesz poni\u017cej.<\/p>\t\t\t\t\t\t\t\t<\/div>\n\t\t\t\t<\/div>\n\t\t\t\t\t<\/div>\n\t\t<\/div>\n\t\t\t\t\t<\/div>\n\t\t<\/section>\n\t\t\t\t<section class=\"elementor-section elementor-top-section elementor-element elementor-element-8b50e9b elementor-hidden-desktop elementor-hidden-tablet elementor-hidden-mobile elementor-section-boxed elementor-section-height-default elementor-section-height-default\" data-id=\"8b50e9b\" data-element_type=\"section\">\n\t\t\t\t\t\t<div class=\"elementor-container elementor-column-gap-default\">\n\t\t\t\t\t<div class=\"elementor-column elementor-col-100 elementor-top-column elementor-element elementor-element-2d17a20\" data-id=\"2d17a20\" data-element_type=\"column\">\n\t\t\t<div class=\"elementor-widget-wrap elementor-element-populated\">\n\t\t\t\t\t\t<div class=\"elementor-element elementor-element-5c4bb77 elementor-hidden-mobile elementor-widget elementor-widget-spacer\" data-id=\"5c4bb77\" data-element_type=\"widget\" data-widget_type=\"spacer.default\">\n\t\t\t\t<div class=\"elementor-widget-container\">\n\t\t\t\t\t\t\t<div class=\"elementor-spacer\">\n\t\t\t<div class=\"elementor-spacer-inner\"><\/div>\n\t\t<\/div>\n\t\t\t\t\t\t<\/div>\n\t\t\t\t<\/div>\n\t\t\t\t<div class=\"elementor-element elementor-element-e4f481c elementor-widget elementor-widget-shortcode\" data-id=\"e4f481c\" data-element_type=\"widget\" data-widget_type=\"shortcode.default\">\n\t\t\t\t<div class=\"elementor-widget-container\">\n\t\t\t\t\t\t\t<div class=\"elementor-shortcode\"><a href=\"https:\/\/www.nm-estetyka.pl\/wp-content\/uploads\/2024\/01\/Oferta-SMP.pdf\" class=\"pdfemb-viewer\" style=\"\" data-width=\"max\" data-height=\"max\" data-toolbar=\"bottom\" data-toolbar-fixed=\"off\">Oferta-SMP<\/a>\n<\/div>\n\t\t\t\t\t\t<\/div>\n\t\t\t\t<\/div>\n\t\t\t\t\t<\/div>\n\t\t<\/div>\n\t\t\t\t\t<\/div>\n\t\t<\/section>\n\t\t\t\t<\/div>","protected":false},"excerpt":{"rendered":"<p>szkolenia Szykujemy co\u015b nowego \u2013 ju\u017c nied\u0142ugo zdradzimy szczeg\u00f3\u0142y. Aktualna oferta szkoleniowa dost\u0119pna pod kontakt@nm-estetyka.pl. SZKOLENIE SMP BASICS Zapraszamy do wzi\u0119cia udzia\u0142u w SMP Basics, programie stworzonym dla wszystkich os\u00f3b pracuj\u0105cych ze sk\u00f3r\u0105, w tym linergist\u00f3w i tatuator\u00f3w. To wyj\u0105tkowa okazja, aby poszerzy\u0107 swoje umiej\u0119tno\u015bci oraz pozna\u0107 nowoczesne techniki mikropigmentacji, kt\u00f3re wzbogac\u0105 Twoje kompetencje zawodowe. [&hellip;]<\/p>","protected":false},"author":4,"featured_media":0,"parent":0,"menu_order":0,"comment_status":"closed","ping_status":"closed","template":"elementor_header_footer","meta":{"footnotes":""},"class_list":["post-2056","page","type-page","status-publish","hentry"],"_links":{"self":[{"href":"https:\/\/www.nm-estetyka.pl\/en\/wp-json\/wp\/v2\/pages\/2056","targetHints":{"allow":["GET"]}}],"collection":[{"href":"https:\/\/www.nm-estetyka.pl\/en\/wp-json\/wp\/v2\/pages"}],"about":[{"href":"https:\/\/www.nm-estetyka.pl\/en\/wp-json\/wp\/v2\/types\/page"}],"author":[{"embeddable":true,"href":"https:\/\/www.nm-estetyka.pl\/en\/wp-json\/wp\/v2\/users\/4"}],"replies":[{"embeddable":true,"href":"https:\/\/www.nm-estetyka.pl\/en\/wp-json\/wp\/v2\/comments?post=2056"}],"version-history":[{"count":97,"href":"https:\/\/www.nm-estetyka.pl\/en\/wp-json\/wp\/v2\/pages\/2056\/revisions"}],"predecessor-version":[{"id":2924,"href":"https:\/\/www.nm-estetyka.pl\/en\/wp-json\/wp\/v2\/pages\/2056\/revisions\/2924"}],"wp:attachment":[{"href":"https:\/\/www.nm-estetyka.pl\/en\/wp-json\/wp\/v2\/media?parent=2056"}],"curies":[{"name":"wp","href":"https:\/\/api.w.org\/{rel}","templated":true}]}}