{"id":2031,"date":"2024-10-03T02:02:27","date_gmt":"2024-10-03T00:02:27","guid":{"rendered":"https:\/\/www.nm-estetyka.pl\/?page_id=2031"},"modified":"2024-10-03T09:18:24","modified_gmt":"2024-10-03T07:18:24","slug":"maskowanie-blizn-za-pomoca-mikropigmentacji","status":"publish","type":"page","link":"https:\/\/www.nm-estetyka.pl\/en\/maskowanie-blizn-za-pomoca-mikropigmentacji\/","title":{"rendered":"Scar camouflage using micropigmentation"},"content":{"rendered":"<div data-elementor-type=\"wp-page\" data-elementor-id=\"2031\" class=\"elementor elementor-2031\">\n\t\t\t\t\t\t<section class=\"elementor-section elementor-top-section elementor-element elementor-element-226ba499 elementor-section-boxed elementor-section-height-default elementor-section-height-default\" data-id=\"226ba499\" data-element_type=\"section\" data-settings=\"{&quot;background_background&quot;:&quot;classic&quot;}\">\n\t\t\t\t\t\t<div class=\"elementor-container elementor-column-gap-default\">\n\t\t\t\t\t<div class=\"elementor-column elementor-col-100 elementor-top-column elementor-element elementor-element-334891f6\" data-id=\"334891f6\" data-element_type=\"column\">\n\t\t\t<div class=\"elementor-widget-wrap elementor-element-populated\">\n\t\t\t\t\t\t<div class=\"elementor-element elementor-element-4e450ab1 elementor-widget elementor-widget-spacer\" data-id=\"4e450ab1\" data-element_type=\"widget\" data-widget_type=\"spacer.default\">\n\t\t\t\t<div class=\"elementor-widget-container\">\n\t\t\t\t\t\t\t<div class=\"elementor-spacer\">\n\t\t\t<div class=\"elementor-spacer-inner\"><\/div>\n\t\t<\/div>\n\t\t\t\t\t\t<\/div>\n\t\t\t\t<\/div>\n\t\t\t\t<div class=\"elementor-element elementor-element-2c85abc1 elementor-widget elementor-widget-heading\" data-id=\"2c85abc1\" data-element_type=\"widget\" data-widget_type=\"heading.default\">\n\t\t\t\t<div class=\"elementor-widget-container\">\n\t\t\t\t\t<h2 class=\"elementor-heading-title elementor-size-default\">SCAR CAMOUFLAGE WITH MICROPIGMENTATION<\/h2>\t\t\t\t<\/div>\n\t\t\t\t<\/div>\n\t\t\t\t<div class=\"elementor-element elementor-element-110f37f5 elementor-widget elementor-widget-spacer\" data-id=\"110f37f5\" data-element_type=\"widget\" data-widget_type=\"spacer.default\">\n\t\t\t\t<div class=\"elementor-widget-container\">\n\t\t\t\t\t\t\t<div class=\"elementor-spacer\">\n\t\t\t<div class=\"elementor-spacer-inner\"><\/div>\n\t\t<\/div>\n\t\t\t\t\t\t<\/div>\n\t\t\t\t<\/div>\n\t\t\t\t\t<\/div>\n\t\t<\/div>\n\t\t\t\t\t<\/div>\n\t\t<\/section>\n\t\t\t\t<section class=\"elementor-section elementor-top-section elementor-element elementor-element-25a6d79 elementor-section-boxed elementor-section-height-default elementor-section-height-default\" data-id=\"25a6d79\" data-element_type=\"section\">\n\t\t\t\t\t\t<div class=\"elementor-container elementor-column-gap-default\">\n\t\t\t\t\t<div class=\"elementor-column elementor-col-100 elementor-top-column elementor-element elementor-element-488c118b\" data-id=\"488c118b\" data-element_type=\"column\">\n\t\t\t<div class=\"elementor-widget-wrap elementor-element-populated\">\n\t\t\t\t\t\t<div class=\"elementor-element elementor-element-25028433 elementor-widget elementor-widget-spacer\" data-id=\"25028433\" data-element_type=\"widget\" data-widget_type=\"spacer.default\">\n\t\t\t\t<div class=\"elementor-widget-container\">\n\t\t\t\t\t\t\t<div class=\"elementor-spacer\">\n\t\t\t<div class=\"elementor-spacer-inner\"><\/div>\n\t\t<\/div>\n\t\t\t\t\t\t<\/div>\n\t\t\t\t<\/div>\n\t\t\t\t\t<\/div>\n\t\t<\/div>\n\t\t\t\t\t<\/div>\n\t\t<\/section>\n\t\t\t\t<section class=\"elementor-section elementor-top-section elementor-element elementor-element-0f5c923 elementor-section-boxed elementor-section-height-default elementor-section-height-default\" data-id=\"0f5c923\" data-element_type=\"section\">\n\t\t\t\t\t\t<div class=\"elementor-container elementor-column-gap-default\">\n\t\t\t\t\t<div class=\"elementor-column elementor-col-50 elementor-top-column elementor-element elementor-element-8d67d59\" data-id=\"8d67d59\" data-element_type=\"column\">\n\t\t\t<div class=\"elementor-widget-wrap elementor-element-populated\">\n\t\t\t\t\t\t<div class=\"elementor-element elementor-element-31b7eea elementor-widget elementor-widget-image\" data-id=\"31b7eea\" data-element_type=\"widget\" data-widget_type=\"image.default\">\n\t\t\t\t<div class=\"elementor-widget-container\">\n\t\t\t\t\t\t\t\t\t\t\t\t\t\t\t<img fetchpriority=\"high\" decoding=\"async\" width=\"225\" height=\"300\" src=\"https:\/\/www.nm-estetyka.pl\/wp-content\/uploads\/2024\/09\/WhatsApp-Image-2024-09-21-at-19.27.50-225x300.jpeg\" class=\"attachment-medium size-medium wp-image-1733\" alt=\"mikropigmentacja sk\u00f3ry g\u0142owy - maskowanie blizn Warszawa\" srcset=\"https:\/\/www.nm-estetyka.pl\/wp-content\/uploads\/2024\/09\/WhatsApp-Image-2024-09-21-at-19.27.50-225x300.jpeg 225w, https:\/\/www.nm-estetyka.pl\/wp-content\/uploads\/2024\/09\/WhatsApp-Image-2024-09-21-at-19.27.50-768x1024.jpeg 768w, https:\/\/www.nm-estetyka.pl\/wp-content\/uploads\/2024\/09\/WhatsApp-Image-2024-09-21-at-19.27.50-1152x1536.jpeg 1152w, https:\/\/www.nm-estetyka.pl\/wp-content\/uploads\/2024\/09\/WhatsApp-Image-2024-09-21-at-19.27.50-9x12.jpeg 9w, https:\/\/www.nm-estetyka.pl\/wp-content\/uploads\/2024\/09\/WhatsApp-Image-2024-09-21-at-19.27.50.jpeg 1200w\" sizes=\"(max-width: 225px) 100vw, 225px\" \/>\t\t\t\t\t\t\t\t\t\t\t\t\t\t\t<\/div>\n\t\t\t\t<\/div>\n\t\t\t\t\t<\/div>\n\t\t<\/div>\n\t\t\t\t<div class=\"elementor-column elementor-col-50 elementor-top-column elementor-element elementor-element-267cdc6\" data-id=\"267cdc6\" data-element_type=\"column\">\n\t\t\t<div class=\"elementor-widget-wrap elementor-element-populated\">\n\t\t\t\t\t\t<div class=\"elementor-element elementor-element-109f431 elementor-widget elementor-widget-heading\" data-id=\"109f431\" data-element_type=\"widget\" data-widget_type=\"heading.default\">\n\t\t\t\t<div class=\"elementor-widget-container\">\n\t\t\t\t\t<h2 class=\"elementor-heading-title elementor-size-default\">SCAR CAMOUFLAGE WITH MICROPIGMENTATION<\/h2>\t\t\t\t<\/div>\n\t\t\t\t<\/div>\n\t\t\t\t<div class=\"elementor-element elementor-element-51a1c41 elementor-widget elementor-widget-text-editor\" data-id=\"51a1c41\" data-element_type=\"widget\" data-widget_type=\"text-editor.default\">\n\t\t\t\t<div class=\"elementor-widget-container\">\n\t\t\t\t\t\t\t\t\t<p>Scars on the scalp, regardless of their origin, can be a source of considerable discomfort. They often result from injuries, surgeries, or skin grafts, and their presence can affect self-esteem and overall quality of life for those dealing with them. Fortunately, there are modern and effective methods for concealing scars, with scalp micropigmentation being one of the most successful. This innovative technique involves the precise application of pigment beneath the skin, allowing for a natural look that effectively hides scars, helping to restore comfort and confidence.<\/p>\t\t\t\t\t\t\t\t<\/div>\n\t\t\t\t<\/div>\n\t\t\t\t\t<\/div>\n\t\t<\/div>\n\t\t\t\t\t<\/div>\n\t\t<\/section>\n\t\t\t\t<section class=\"elementor-section elementor-top-section elementor-element elementor-element-5cdb5ae elementor-section-boxed elementor-section-height-default elementor-section-height-default\" data-id=\"5cdb5ae\" data-element_type=\"section\">\n\t\t\t\t\t\t<div class=\"elementor-container elementor-column-gap-default\">\n\t\t\t\t\t<div class=\"elementor-column elementor-col-100 elementor-top-column elementor-element elementor-element-6b39b9a\" data-id=\"6b39b9a\" data-element_type=\"column\">\n\t\t\t<div class=\"elementor-widget-wrap elementor-element-populated\">\n\t\t\t\t\t\t<div class=\"elementor-element elementor-element-6ab0885 elementor-widget elementor-widget-heading\" data-id=\"6ab0885\" data-element_type=\"widget\" data-widget_type=\"heading.default\">\n\t\t\t\t<div class=\"elementor-widget-container\">\n\t\t\t\t\t<h2 class=\"elementor-heading-title elementor-size-default\">Contraindications<\/h2>\t\t\t\t<\/div>\n\t\t\t\t<\/div>\n\t\t\t\t<div class=\"elementor-element elementor-element-59a8ad5 elementor-widget-divider--view-line elementor-widget elementor-widget-divider\" data-id=\"59a8ad5\" data-element_type=\"widget\" data-widget_type=\"divider.default\">\n\t\t\t\t<div class=\"elementor-widget-container\">\n\t\t\t\t\t\t\t<div class=\"elementor-divider\">\n\t\t\t<span class=\"elementor-divider-separator\">\n\t\t\t\t\t\t<\/span>\n\t\t<\/div>\n\t\t\t\t\t\t<\/div>\n\t\t\t\t<\/div>\n\t\t\t\t\t<\/div>\n\t\t<\/div>\n\t\t\t\t\t<\/div>\n\t\t<\/section>\n\t\t\t\t<section class=\"elementor-section elementor-top-section elementor-element elementor-element-740035d elementor-section-boxed elementor-section-height-default elementor-section-height-default\" data-id=\"740035d\" data-element_type=\"section\">\n\t\t\t\t\t\t<div class=\"elementor-container elementor-column-gap-default\">\n\t\t\t\t\t<div class=\"elementor-column elementor-col-100 elementor-top-column elementor-element elementor-element-035d5c3\" data-id=\"035d5c3\" data-element_type=\"column\">\n\t\t\t<div class=\"elementor-widget-wrap elementor-element-populated\">\n\t\t\t\t\t\t<div class=\"elementor-element elementor-element-5bf094b elementor-widget elementor-widget-text-editor\" data-id=\"5bf094b\" data-element_type=\"widget\" data-widget_type=\"text-editor.default\">\n\t\t\t\t<div class=\"elementor-widget-container\">\n\t\t\t\t\t\t\t\t\t<p>Before deciding on scalp scar micropigmentation, it's important to understand the contraindications that may impact its effectiveness and safety.<\/p><p>First and foremost, the scar that you wish to cover must be fully <strong>healed <\/strong>and<strong> flat<\/strong>.<\/p><p class=\"translation-block\">For <strong>raised scars, hypertrophic scars<\/strong> or <strong>keloids<\/strong>, it is recommended to prepare them for pigmentation using micro-needling, which can help smooth the surface. However, in certain situations, it may be preferable to leave these scars untreated.<\/p><p>On the other hand, <strong>extensive scars<\/strong>\u00a0<span style=\"color: var( --e-global-color-text ); font-family: var( --e-global-typography-text-font-family ), Sans-serif; font-weight: var( --e-global-typography-text-font-weight ); font-size: 1rem;\">require an individual assessment and a tailored approach.<\/span><\/p>\t\t\t\t\t\t\t\t<\/div>\n\t\t\t\t<\/div>\n\t\t\t\t\t<\/div>\n\t\t<\/div>\n\t\t\t\t\t<\/div>\n\t\t<\/section>\n\t\t\t\t<section class=\"elementor-section elementor-top-section elementor-element elementor-element-0c090b8 elementor-section-boxed elementor-section-height-default elementor-section-height-default\" data-id=\"0c090b8\" data-element_type=\"section\">\n\t\t\t\t\t\t<div class=\"elementor-container elementor-column-gap-default\">\n\t\t\t\t\t<div class=\"elementor-column elementor-col-100 elementor-top-column elementor-element elementor-element-951070d\" data-id=\"951070d\" data-element_type=\"column\">\n\t\t\t<div class=\"elementor-widget-wrap elementor-element-populated\">\n\t\t\t\t\t\t<div class=\"elementor-element elementor-element-17c5ef3 elementor-widget elementor-widget-heading\" data-id=\"17c5ef3\" data-element_type=\"widget\" data-widget_type=\"heading.default\">\n\t\t\t\t<div class=\"elementor-widget-container\">\n\t\t\t\t\t<h2 class=\"elementor-heading-title elementor-size-default\">Before treatment<\/h2>\t\t\t\t<\/div>\n\t\t\t\t<\/div>\n\t\t\t\t<div class=\"elementor-element elementor-element-d37342b elementor-widget-divider--view-line elementor-widget elementor-widget-divider\" data-id=\"d37342b\" data-element_type=\"widget\" data-widget_type=\"divider.default\">\n\t\t\t\t<div class=\"elementor-widget-container\">\n\t\t\t\t\t\t\t<div class=\"elementor-divider\">\n\t\t\t<span class=\"elementor-divider-separator\">\n\t\t\t\t\t\t<\/span>\n\t\t<\/div>\n\t\t\t\t\t\t<\/div>\n\t\t\t\t<\/div>\n\t\t\t\t\t<\/div>\n\t\t<\/div>\n\t\t\t\t\t<\/div>\n\t\t<\/section>\n\t\t\t\t<section class=\"elementor-section elementor-top-section elementor-element elementor-element-3554bb8 elementor-section-boxed elementor-section-height-default elementor-section-height-default\" data-id=\"3554bb8\" data-element_type=\"section\">\n\t\t\t\t\t\t<div class=\"elementor-container elementor-column-gap-default\">\n\t\t\t\t\t<div class=\"elementor-column elementor-col-100 elementor-top-column elementor-element elementor-element-392ba4a\" data-id=\"392ba4a\" data-element_type=\"column\">\n\t\t\t<div class=\"elementor-widget-wrap elementor-element-populated\">\n\t\t\t\t\t\t<div class=\"elementor-element elementor-element-5fa08c6 elementor-widget elementor-widget-text-editor\" data-id=\"5fa08c6\" data-element_type=\"widget\" data-widget_type=\"text-editor.default\">\n\t\t\t\t<div class=\"elementor-widget-container\">\n\t\t\t\t\t\t\t\t\t<ul><li><span style=\"background-color: transparent; color: var( --e-global-color-text ); font-family: var( --e-global-typography-text-font-family ), Sans-serif; font-weight: var( --e-global-typography-text-font-weight );\">Schedule a consultation with a qualified specialist who will assess the condition of the scar, discuss your expectations, and inform you about any potential risks associated with the procedure.<br \/><\/span><\/li><li><span style=\"background-color: transparent; color: var( --e-global-color-text ); font-family: var( --e-global-typography-text-font-family ), Sans-serif; font-weight: var( --e-global-typography-text-font-weight );\">Make sure that the scar is completely healed and flat.\u00a0<\/span>Fresh scars must be fully healed before proceeding with micropigmentation.<\/li><li>The skin around the scar must be free from infections and inflammatory conditions.<\/li><li>In the days leading up to the procedure, avoid using pain relievers, anti-inflammatory medications, and blood-thinning substances such as aspirin and alcohol to minimize the risk of bleeding.<\/li><li>On the day of the procedure, thoroughly wash your scalp to remove any impurities and excess sebum. Avoid using any cosmetics that may irritate the skin.<\/li><li>Avoid intense sunlight and tanning to ensure your skin is in the best possible condition.<\/li><\/ul><div>\u00a0<\/div><p><strong style=\"background-color: transparent; color: var( --e-global-color-text ); font-family: var( --e-global-typography-text-font-family ), Sans-serif;\">If you have undergone a skin graft, ensure to wait a minimum of six months before proceeding with micropigmentation.\u00a0<\/strong><span style=\"background-color: transparent; color: var( --e-global-color-text ); font-family: var( --e-global-typography-text-font-family ), Sans-serif; font-weight: var( --e-global-typography-text-font-weight );\">This allows the skin time to heal, which will positively affect the final result of the procedure.<\/span><\/p>\t\t\t\t\t\t\t\t<\/div>\n\t\t\t\t<\/div>\n\t\t\t\t\t<\/div>\n\t\t<\/div>\n\t\t\t\t\t<\/div>\n\t\t<\/section>\n\t\t\t\t<section class=\"elementor-section elementor-top-section elementor-element elementor-element-b04bdd6 elementor-section-boxed elementor-section-height-default elementor-section-height-default\" data-id=\"b04bdd6\" data-element_type=\"section\">\n\t\t\t\t\t\t<div class=\"elementor-container elementor-column-gap-default\">\n\t\t\t\t\t<div class=\"elementor-column elementor-col-100 elementor-top-column elementor-element elementor-element-ba992c2\" data-id=\"ba992c2\" data-element_type=\"column\">\n\t\t\t<div class=\"elementor-widget-wrap elementor-element-populated\">\n\t\t\t\t\t\t<div class=\"elementor-element elementor-element-3ad8516 elementor-widget elementor-widget-heading\" data-id=\"3ad8516\" data-element_type=\"widget\" data-widget_type=\"heading.default\">\n\t\t\t\t<div class=\"elementor-widget-container\">\n\t\t\t\t\t<h2 class=\"elementor-heading-title elementor-size-default\">After treatment<\/h2>\t\t\t\t<\/div>\n\t\t\t\t<\/div>\n\t\t\t\t<div class=\"elementor-element elementor-element-9838aee elementor-widget-divider--view-line elementor-widget elementor-widget-divider\" data-id=\"9838aee\" data-element_type=\"widget\" data-widget_type=\"divider.default\">\n\t\t\t\t<div class=\"elementor-widget-container\">\n\t\t\t\t\t\t\t<div class=\"elementor-divider\">\n\t\t\t<span class=\"elementor-divider-separator\">\n\t\t\t\t\t\t<\/span>\n\t\t<\/div>\n\t\t\t\t\t\t<\/div>\n\t\t\t\t<\/div>\n\t\t\t\t\t<\/div>\n\t\t<\/div>\n\t\t\t\t\t<\/div>\n\t\t<\/section>\n\t\t\t\t<section class=\"elementor-section elementor-top-section elementor-element elementor-element-3aae698 elementor-section-boxed elementor-section-height-default elementor-section-height-default\" data-id=\"3aae698\" data-element_type=\"section\">\n\t\t\t\t\t\t<div class=\"elementor-container elementor-column-gap-default\">\n\t\t\t\t\t<div class=\"elementor-column elementor-col-100 elementor-top-column elementor-element elementor-element-8a6412f\" data-id=\"8a6412f\" data-element_type=\"column\">\n\t\t\t<div class=\"elementor-widget-wrap elementor-element-populated\">\n\t\t\t\t\t\t<div class=\"elementor-element elementor-element-e35b185 elementor-widget elementor-widget-text-editor\" data-id=\"e35b185\" data-element_type=\"widget\" data-widget_type=\"text-editor.default\">\n\t\t\t\t<div class=\"elementor-widget-container\">\n\t\t\t\t\t\t\t\t\t<p>After the completion of the micropigmentation procedure, it is important to follow the specialist's recommendations regarding aftercare. Proper care of the scalp will help maintain the results of the treatment and minimize the risk of complications. Typically, the effects are visible immediately, and the scars become less noticeable, significantly improving the patient's quality of life.<\/p><ul><li><p><strong>Avoiding the sun<\/strong>: For a few weeks following the procedure, it is important to steer clear of direct sunlight and to apply sunscreen to the treated area.<\/p><\/li><li><p><strong>Proper care<\/strong>: Using mild cleansers and avoiding scrubs or any invasive scalp treatments will help preserve the effects of micropigmentation.<\/p><\/li><li><p><strong>Monitoring results<\/strong>: Regular check-ups with a specialist will help monitor progress and identify any corrections that may be necessary.<\/p><\/li><\/ul>\t\t\t\t\t\t\t\t<\/div>\n\t\t\t\t<\/div>\n\t\t\t\t\t<\/div>\n\t\t<\/div>\n\t\t\t\t\t<\/div>\n\t\t<\/section>\n\t\t\t\t<section class=\"elementor-section elementor-top-section elementor-element elementor-element-747c439 elementor-section-boxed elementor-section-height-default elementor-section-height-default\" data-id=\"747c439\" data-element_type=\"section\">\n\t\t\t\t\t\t<div class=\"elementor-container elementor-column-gap-default\">\n\t\t\t\t\t<div class=\"elementor-column elementor-col-50 elementor-top-column elementor-element elementor-element-a829bec\" data-id=\"a829bec\" data-element_type=\"column\">\n\t\t\t<div class=\"elementor-widget-wrap elementor-element-populated\">\n\t\t\t\t\t\t<div class=\"elementor-element elementor-element-3e1087c elementor-widget elementor-widget-image\" data-id=\"3e1087c\" data-element_type=\"widget\" data-widget_type=\"image.default\">\n\t\t\t\t<div class=\"elementor-widget-container\">\n\t\t\t\t\t\t\t\t\t\t\t\t\t\t\t<img decoding=\"async\" width=\"300\" height=\"225\" src=\"https:\/\/www.nm-estetyka.pl\/wp-content\/uploads\/2024\/09\/WhatsApp-Image-2024-09-21-at-19.20.47-300x225.jpeg\" class=\"attachment-medium size-medium wp-image-1730\" alt=\"mikropigmentacja sk\u00f3ry g\u0142owy Warszawa maskowanie blizn\" srcset=\"https:\/\/www.nm-estetyka.pl\/wp-content\/uploads\/2024\/09\/WhatsApp-Image-2024-09-21-at-19.20.47-300x225.jpeg 300w, https:\/\/www.nm-estetyka.pl\/wp-content\/uploads\/2024\/09\/WhatsApp-Image-2024-09-21-at-19.20.47-1024x768.jpeg 1024w, https:\/\/www.nm-estetyka.pl\/wp-content\/uploads\/2024\/09\/WhatsApp-Image-2024-09-21-at-19.20.47-768x576.jpeg 768w, https:\/\/www.nm-estetyka.pl\/wp-content\/uploads\/2024\/09\/WhatsApp-Image-2024-09-21-at-19.20.47-1536x1152.jpeg 1536w, https:\/\/www.nm-estetyka.pl\/wp-content\/uploads\/2024\/09\/WhatsApp-Image-2024-09-21-at-19.20.47-16x12.jpeg 16w, https:\/\/www.nm-estetyka.pl\/wp-content\/uploads\/2024\/09\/WhatsApp-Image-2024-09-21-at-19.20.47.jpeg 1600w\" sizes=\"(max-width: 300px) 100vw, 300px\" \/>\t\t\t\t\t\t\t\t\t\t\t\t\t\t\t<\/div>\n\t\t\t\t<\/div>\n\t\t\t\t\t<\/div>\n\t\t<\/div>\n\t\t\t\t<div class=\"elementor-column elementor-col-50 elementor-top-column elementor-element elementor-element-a20a46f\" data-id=\"a20a46f\" data-element_type=\"column\">\n\t\t\t<div class=\"elementor-widget-wrap elementor-element-populated\">\n\t\t\t\t\t\t<div class=\"elementor-element elementor-element-081f99a elementor-widget elementor-widget-image\" data-id=\"081f99a\" data-element_type=\"widget\" data-widget_type=\"image.default\">\n\t\t\t\t<div class=\"elementor-widget-container\">\n\t\t\t\t\t\t\t\t\t\t\t\t\t\t\t<img decoding=\"async\" width=\"225\" height=\"300\" src=\"https:\/\/www.nm-estetyka.pl\/wp-content\/uploads\/2024\/09\/WhatsApp-Image-2024-09-21-at-19.27.22-225x300.jpeg\" class=\"attachment-medium size-medium wp-image-1732\" alt=\"mikropigmentacja sk\u00f3ry g\u0142owy Warszawa - maskowanie blizn\" srcset=\"https:\/\/www.nm-estetyka.pl\/wp-content\/uploads\/2024\/09\/WhatsApp-Image-2024-09-21-at-19.27.22-225x300.jpeg 225w, https:\/\/www.nm-estetyka.pl\/wp-content\/uploads\/2024\/09\/WhatsApp-Image-2024-09-21-at-19.27.22-768x1024.jpeg 768w, https:\/\/www.nm-estetyka.pl\/wp-content\/uploads\/2024\/09\/WhatsApp-Image-2024-09-21-at-19.27.22-1152x1536.jpeg 1152w, https:\/\/www.nm-estetyka.pl\/wp-content\/uploads\/2024\/09\/WhatsApp-Image-2024-09-21-at-19.27.22-9x12.jpeg 9w, https:\/\/www.nm-estetyka.pl\/wp-content\/uploads\/2024\/09\/WhatsApp-Image-2024-09-21-at-19.27.22.jpeg 1200w\" sizes=\"(max-width: 225px) 100vw, 225px\" \/>\t\t\t\t\t\t\t\t\t\t\t\t\t\t\t<\/div>\n\t\t\t\t<\/div>\n\t\t\t\t\t<\/div>\n\t\t<\/div>\n\t\t\t\t\t<\/div>\n\t\t<\/section>\n\t\t\t\t<section class=\"elementor-section elementor-top-section elementor-element elementor-element-8ab2fb9 elementor-section-boxed elementor-section-height-default elementor-section-height-default\" data-id=\"8ab2fb9\" data-element_type=\"section\">\n\t\t\t\t\t\t<div class=\"elementor-container elementor-column-gap-default\">\n\t\t\t\t\t<div class=\"elementor-column elementor-col-100 elementor-top-column elementor-element elementor-element-593de45\" data-id=\"593de45\" data-element_type=\"column\">\n\t\t\t<div class=\"elementor-widget-wrap elementor-element-populated\">\n\t\t\t\t\t\t<div class=\"elementor-element elementor-element-ac71523 elementor-widget elementor-widget-spacer\" data-id=\"ac71523\" data-element_type=\"widget\" data-widget_type=\"spacer.default\">\n\t\t\t\t<div class=\"elementor-widget-container\">\n\t\t\t\t\t\t\t<div class=\"elementor-spacer\">\n\t\t\t<div class=\"elementor-spacer-inner\"><\/div>\n\t\t<\/div>\n\t\t\t\t\t\t<\/div>\n\t\t\t\t<\/div>\n\t\t\t\t\t<\/div>\n\t\t<\/div>\n\t\t\t\t\t<\/div>\n\t\t<\/section>\n\t\t\t\t<\/div>","protected":false},"excerpt":{"rendered":"<p>MASKOWANIE BLIZN ZA POMOC\u0104 MIKROPIGMENTACJI MASKOWANIE BLIZN ZA POMOC\u0104 MIKROPIGMENTACJI Blizny na sk\u00f3rze g\u0142owy, bez wzgl\u0119du na ich pochodzenie, mog\u0105 by\u0107 \u017ar\u00f3d\u0142em znacz\u0105cego dyskomfortu i kompleks\u00f3w. Powstaj\u0105 one cz\u0119sto w wyniku uraz\u00f3w, operacji czy przeszczep\u00f3w sk\u00f3ry, a ich obecno\u015b\u0107 mo\u017ce wp\u0142ywa\u0107 na samoocen\u0119 oraz jako\u015b\u0107 \u017cycia os\u00f3b, kt\u00f3re si\u0119 z nimi zmagaj\u0105. Na szcz\u0119\u015bcie istniej\u0105 [&hellip;]<\/p>","protected":false},"author":4,"featured_media":0,"parent":0,"menu_order":0,"comment_status":"closed","ping_status":"closed","template":"","meta":{"footnotes":""},"class_list":["post-2031","page","type-page","status-publish","hentry"],"_links":{"self":[{"href":"https:\/\/www.nm-estetyka.pl\/en\/wp-json\/wp\/v2\/pages\/2031","targetHints":{"allow":["GET"]}}],"collection":[{"href":"https:\/\/www.nm-estetyka.pl\/en\/wp-json\/wp\/v2\/pages"}],"about":[{"href":"https:\/\/www.nm-estetyka.pl\/en\/wp-json\/wp\/v2\/types\/page"}],"author":[{"embeddable":true,"href":"https:\/\/www.nm-estetyka.pl\/en\/wp-json\/wp\/v2\/users\/4"}],"replies":[{"embeddable":true,"href":"https:\/\/www.nm-estetyka.pl\/en\/wp-json\/wp\/v2\/comments?post=2031"}],"version-history":[{"count":10,"href":"https:\/\/www.nm-estetyka.pl\/en\/wp-json\/wp\/v2\/pages\/2031\/revisions"}],"predecessor-version":[{"id":2045,"href":"https:\/\/www.nm-estetyka.pl\/en\/wp-json\/wp\/v2\/pages\/2031\/revisions\/2045"}],"wp:attachment":[{"href":"https:\/\/www.nm-estetyka.pl\/en\/wp-json\/wp\/v2\/media?parent=2031"}],"curies":[{"name":"wp","href":"https:\/\/api.w.org\/{rel}","templated":true}]}}