{"id":1845,"date":"2024-09-22T16:28:46","date_gmt":"2024-09-22T14:28:46","guid":{"rendered":"https:\/\/www.nm-estetyka.pl\/?page_id=1845"},"modified":"2024-09-22T18:00:36","modified_gmt":"2024-09-22T16:00:36","slug":"mikropigmentacja-brodawki","status":"publish","type":"page","link":"https:\/\/www.nm-estetyka.pl\/en\/mikropigmentacja-brodawki\/","title":{"rendered":"Nipple micropigmentation"},"content":{"rendered":"<div data-elementor-type=\"wp-page\" data-elementor-id=\"1845\" class=\"elementor elementor-1845\">\n\t\t\t\t\t\t<section class=\"elementor-section elementor-top-section elementor-element elementor-element-56de81f1 elementor-section-boxed elementor-section-height-default elementor-section-height-default\" data-id=\"56de81f1\" data-element_type=\"section\" data-settings=\"{&quot;background_background&quot;:&quot;classic&quot;}\">\n\t\t\t\t\t\t<div class=\"elementor-container elementor-column-gap-default\">\n\t\t\t\t\t<div class=\"elementor-column elementor-col-100 elementor-top-column elementor-element elementor-element-1173b218\" data-id=\"1173b218\" data-element_type=\"column\">\n\t\t\t<div class=\"elementor-widget-wrap elementor-element-populated\">\n\t\t\t\t\t\t<div class=\"elementor-element elementor-element-1670e197 elementor-widget elementor-widget-spacer\" data-id=\"1670e197\" data-element_type=\"widget\" data-widget_type=\"spacer.default\">\n\t\t\t\t<div class=\"elementor-widget-container\">\n\t\t\t\t\t\t\t<div class=\"elementor-spacer\">\n\t\t\t<div class=\"elementor-spacer-inner\"><\/div>\n\t\t<\/div>\n\t\t\t\t\t\t<\/div>\n\t\t\t\t<\/div>\n\t\t\t\t<div class=\"elementor-element elementor-element-181d04c3 elementor-widget elementor-widget-heading\" data-id=\"181d04c3\" data-element_type=\"widget\" data-widget_type=\"heading.default\">\n\t\t\t\t<div class=\"elementor-widget-container\">\n\t\t\t\t\t<h2 class=\"elementor-heading-title elementor-size-default\">NIPPLE MICROPIGMENTATION<\/h2>\t\t\t\t<\/div>\n\t\t\t\t<\/div>\n\t\t\t\t<div class=\"elementor-element elementor-element-634ec8db elementor-widget elementor-widget-spacer\" data-id=\"634ec8db\" data-element_type=\"widget\" data-widget_type=\"spacer.default\">\n\t\t\t\t<div class=\"elementor-widget-container\">\n\t\t\t\t\t\t\t<div class=\"elementor-spacer\">\n\t\t\t<div class=\"elementor-spacer-inner\"><\/div>\n\t\t<\/div>\n\t\t\t\t\t\t<\/div>\n\t\t\t\t<\/div>\n\t\t\t\t\t<\/div>\n\t\t<\/div>\n\t\t\t\t\t<\/div>\n\t\t<\/section>\n\t\t\t\t<section class=\"elementor-section elementor-top-section elementor-element elementor-element-299ee87c elementor-section-boxed elementor-section-height-default elementor-section-height-default\" data-id=\"299ee87c\" data-element_type=\"section\">\n\t\t\t\t\t\t<div class=\"elementor-container elementor-column-gap-default\">\n\t\t\t\t\t<div class=\"elementor-column elementor-col-100 elementor-top-column elementor-element elementor-element-23530b23\" data-id=\"23530b23\" data-element_type=\"column\">\n\t\t\t<div class=\"elementor-widget-wrap elementor-element-populated\">\n\t\t\t\t\t\t<div class=\"elementor-element elementor-element-6f5f0ab elementor-hidden-mobile elementor-widget elementor-widget-spacer\" data-id=\"6f5f0ab\" data-element_type=\"widget\" data-widget_type=\"spacer.default\">\n\t\t\t\t<div class=\"elementor-widget-container\">\n\t\t\t\t\t\t\t<div class=\"elementor-spacer\">\n\t\t\t<div class=\"elementor-spacer-inner\"><\/div>\n\t\t<\/div>\n\t\t\t\t\t\t<\/div>\n\t\t\t\t<\/div>\n\t\t\t\t\t<\/div>\n\t\t<\/div>\n\t\t\t\t\t<\/div>\n\t\t<\/section>\n\t\t\t\t<section class=\"elementor-section elementor-top-section elementor-element elementor-element-af2662b elementor-section-boxed elementor-section-height-default elementor-section-height-default\" data-id=\"af2662b\" data-element_type=\"section\">\n\t\t\t\t\t\t<div class=\"elementor-container elementor-column-gap-default\">\n\t\t\t\t\t<div class=\"elementor-column elementor-col-33 elementor-top-column elementor-element elementor-element-457a253\" data-id=\"457a253\" data-element_type=\"column\">\n\t\t\t<div class=\"elementor-widget-wrap elementor-element-populated\">\n\t\t\t\t\t\t<div class=\"elementor-element elementor-element-faefe36 elementor-widget elementor-widget-image\" data-id=\"faefe36\" data-element_type=\"widget\" data-widget_type=\"image.default\">\n\t\t\t\t<div class=\"elementor-widget-container\">\n\t\t\t\t\t\t\t\t\t\t\t\t\t\t\t<img fetchpriority=\"high\" decoding=\"async\" width=\"240\" height=\"300\" src=\"https:\/\/www.nm-estetyka.pl\/wp-content\/uploads\/2023\/04\/JPR_9154-1-240x300.jpg\" class=\"attachment-medium size-medium wp-image-524\" alt=\"Mikropigmentacja sk\u00f3ry g\u0142owy Warszawa\" srcset=\"https:\/\/www.nm-estetyka.pl\/wp-content\/uploads\/2023\/04\/JPR_9154-1-240x300.jpg 240w, https:\/\/www.nm-estetyka.pl\/wp-content\/uploads\/2023\/04\/JPR_9154-1-819x1024.jpg 819w, https:\/\/www.nm-estetyka.pl\/wp-content\/uploads\/2023\/04\/JPR_9154-1-768x960.jpg 768w, https:\/\/www.nm-estetyka.pl\/wp-content\/uploads\/2023\/04\/JPR_9154-1-1229x1536.jpg 1229w, https:\/\/www.nm-estetyka.pl\/wp-content\/uploads\/2023\/04\/JPR_9154-1-10x12.jpg 10w, https:\/\/www.nm-estetyka.pl\/wp-content\/uploads\/2023\/04\/JPR_9154-1.jpg 1240w\" sizes=\"(max-width: 240px) 100vw, 240px\" \/>\t\t\t\t\t\t\t\t\t\t\t\t\t\t\t<\/div>\n\t\t\t\t<\/div>\n\t\t\t\t\t<\/div>\n\t\t<\/div>\n\t\t\t\t<div class=\"elementor-column elementor-col-66 elementor-top-column elementor-element elementor-element-241e14d\" data-id=\"241e14d\" data-element_type=\"column\">\n\t\t\t<div class=\"elementor-widget-wrap elementor-element-populated\">\n\t\t\t\t\t\t<div class=\"elementor-element elementor-element-9491fa2 elementor-widget elementor-widget-heading\" data-id=\"9491fa2\" data-element_type=\"widget\" data-widget_type=\"heading.default\">\n\t\t\t\t<div class=\"elementor-widget-container\">\n\t\t\t\t\t<h2 class=\"elementor-heading-title elementor-size-default\">NIPPLE MICROPIGMENTATION<\/h2>\t\t\t\t<\/div>\n\t\t\t\t<\/div>\n\t\t\t\t<div class=\"elementor-element elementor-element-386acd0 elementor-widget elementor-widget-text-editor\" data-id=\"386acd0\" data-element_type=\"widget\" data-widget_type=\"text-editor.default\">\n\t\t\t\t<div class=\"elementor-widget-container\">\n\t\t\t\t\t\t\t\t\t<div class=\"flex max-w-full flex-col flex-grow\"><div class=\"min-h-[20px] text-message flex w-full flex-col items-end gap-2 whitespace-normal break-words [.text-message+&amp;]:mt-5\" dir=\"auto\" data-message-author-role=\"assistant\" data-message-id=\"b3736865-3fff-45c5-a857-a966d5bedf79\"><div class=\"flex w-full flex-col gap-1 empty:hidden first:pt-[3px]\"><div class=\"markdown prose w-full break-words dark:prose-invert dark\"><p>Nipple micropigmentation is an innovative procedure that is gaining increasing popularity in both medical and aesthetic fields. In our studio, we offer a professional approach to this technique, which allows for a natural effect and enhances beauty. This procedure is particularly recommended for individuals who have undergone breast surgeries, as well as for those who wish to improve the appearance of their nipples in a permanent and safe manner. Through the precise application of pigment, micropigmentation not only restores aesthetics but can also serve therapeutic purposes, assisting in the recovery process.<\/p><\/div><\/div><\/div><\/div>\t\t\t\t\t\t\t\t<\/div>\n\t\t\t\t<\/div>\n\t\t\t\t\t<\/div>\n\t\t<\/div>\n\t\t\t\t\t<\/div>\n\t\t<\/section>\n\t\t\t\t<section class=\"elementor-section elementor-top-section elementor-element elementor-element-fd00ece elementor-section-boxed elementor-section-height-default elementor-section-height-default\" data-id=\"fd00ece\" data-element_type=\"section\">\n\t\t\t\t\t\t<div class=\"elementor-container elementor-column-gap-default\">\n\t\t\t\t\t<div class=\"elementor-column elementor-col-100 elementor-top-column elementor-element elementor-element-030c806\" data-id=\"030c806\" data-element_type=\"column\">\n\t\t\t<div class=\"elementor-widget-wrap elementor-element-populated\">\n\t\t\t\t\t\t<div class=\"elementor-element elementor-element-642f35e elementor-widget elementor-widget-heading\" data-id=\"642f35e\" data-element_type=\"widget\" data-widget_type=\"heading.default\">\n\t\t\t\t<div class=\"elementor-widget-container\">\n\t\t\t\t\t<h2 class=\"elementor-heading-title elementor-size-default\">Contraindications<\/h2>\t\t\t\t<\/div>\n\t\t\t\t<\/div>\n\t\t\t\t<div class=\"elementor-element elementor-element-bdda755 elementor-widget-divider--view-line elementor-widget elementor-widget-divider\" data-id=\"bdda755\" data-element_type=\"widget\" data-widget_type=\"divider.default\">\n\t\t\t\t<div class=\"elementor-widget-container\">\n\t\t\t\t\t\t\t<div class=\"elementor-divider\">\n\t\t\t<span class=\"elementor-divider-separator\">\n\t\t\t\t\t\t<\/span>\n\t\t<\/div>\n\t\t\t\t\t\t<\/div>\n\t\t\t\t<\/div>\n\t\t\t\t<div class=\"elementor-element elementor-element-7d1811e elementor-widget elementor-widget-text-editor\" data-id=\"7d1811e\" data-element_type=\"widget\" data-widget_type=\"text-editor.default\">\n\t\t\t\t<div class=\"elementor-widget-container\">\n\t\t\t\t\t\t\t\t\t<p>Before undergoing nipple micropigmentation, it is important to be aware of the contraindications that may affect the safety and effectiveness of the procedure.\u00a0<span style=\"color: var( --e-global-color-text ); font-family: var( --e-global-typography-text-font-family ), Sans-serif; font-weight: var( --e-global-typography-text-font-weight ); font-size: 1rem;\">Regardless of how much you want to enhance your appearance, there are certain circumstances that may prevent the procedure from being performed:<\/span><\/p><ul><li>pregnancy and breastfeeding<\/li><li>skin conditions (skin infections, eczema, psoriasis, or other skin disorders in the area to be treated with micropigmentation)<\/li><li>diabetes<\/li><li>blood clotting issues<\/li><li>allergies to pigments<\/li><li>cancer (individuals undergoing oncological treatment or who have recently been diagnosed with cancer)<\/li><\/ul>\t\t\t\t\t\t\t\t<\/div>\n\t\t\t\t<\/div>\n\t\t\t\t<div class=\"elementor-element elementor-element-5b9ca54 elementor-widget elementor-widget-heading\" data-id=\"5b9ca54\" data-element_type=\"widget\" data-widget_type=\"heading.default\">\n\t\t\t\t<div class=\"elementor-widget-container\">\n\t\t\t\t\t<h2 class=\"elementor-heading-title elementor-size-default\">Before treatment<\/h2>\t\t\t\t<\/div>\n\t\t\t\t<\/div>\n\t\t\t\t\t<\/div>\n\t\t<\/div>\n\t\t\t\t\t<\/div>\n\t\t<\/section>\n\t\t\t\t<section class=\"elementor-section elementor-top-section elementor-element elementor-element-ea1ae01 elementor-section-boxed elementor-section-height-default elementor-section-height-default\" data-id=\"ea1ae01\" data-element_type=\"section\">\n\t\t\t\t\t\t<div class=\"elementor-container elementor-column-gap-default\">\n\t\t\t\t\t<div class=\"elementor-column elementor-col-100 elementor-top-column elementor-element elementor-element-92166bb\" data-id=\"92166bb\" data-element_type=\"column\">\n\t\t\t<div class=\"elementor-widget-wrap elementor-element-populated\">\n\t\t\t\t\t\t<div class=\"elementor-element elementor-element-ebcd05a elementor-widget-divider--view-line elementor-widget elementor-widget-divider\" data-id=\"ebcd05a\" data-element_type=\"widget\" data-widget_type=\"divider.default\">\n\t\t\t\t<div class=\"elementor-widget-container\">\n\t\t\t\t\t\t\t<div class=\"elementor-divider\">\n\t\t\t<span class=\"elementor-divider-separator\">\n\t\t\t\t\t\t<\/span>\n\t\t<\/div>\n\t\t\t\t\t\t<\/div>\n\t\t\t\t<\/div>\n\t\t\t\t\t<\/div>\n\t\t<\/div>\n\t\t\t\t\t<\/div>\n\t\t<\/section>\n\t\t\t\t<section class=\"elementor-section elementor-top-section elementor-element elementor-element-3147242 elementor-section-boxed elementor-section-height-default elementor-section-height-default\" data-id=\"3147242\" data-element_type=\"section\">\n\t\t\t\t\t\t<div class=\"elementor-container elementor-column-gap-default\">\n\t\t\t\t\t<div class=\"elementor-column elementor-col-100 elementor-top-column elementor-element elementor-element-0c26948\" data-id=\"0c26948\" data-element_type=\"column\">\n\t\t\t<div class=\"elementor-widget-wrap elementor-element-populated\">\n\t\t\t\t\t\t<div class=\"elementor-element elementor-element-40f501e elementor-widget elementor-widget-text-editor\" data-id=\"40f501e\" data-element_type=\"widget\" data-widget_type=\"text-editor.default\">\n\t\t\t\t<div class=\"elementor-widget-container\">\n\t\t\t\t\t\t\t\t\t<p>Preparation for the nipple micropigmentation procedure is a crucial element that affects its safety and final results. Following the appropriate recommendations before the procedure helps minimize the risk of complications and ensures optimal conditions for carrying out the procedure. Therefore, it is essential to pay attention to several key tips that will help you prepare better:<\/p><ul><li><strong>Avoid sunbathing<\/strong>: In the week leading up to the procedure, try to avoid sun exposure and tanning beds to ensure that your skin is in the best possible condition.<\/li><li><strong>Avoid taking medication<\/strong>: Before the procedure, do not take medications containing acetylsalicylic acid (e.g., aspirin) for at least 48 hours.<\/li><li><strong>Limit alcohol consumption<\/strong>: Avoid consuming alcohol for 24 hours before the procedure.<\/li><li><strong>Consultation with a doctor<\/strong>: If you have any medical conditions or are taking medications, please consult with a doctor before the procedure.<\/li><li><strong>Stay hydrated<\/strong>: Make sure you are well-hydrated by drinking an adequate amount of water.<\/li><\/ul>\t\t\t\t\t\t\t\t<\/div>\n\t\t\t\t<\/div>\n\t\t\t\t<div class=\"elementor-element elementor-element-529674d elementor-widget elementor-widget-heading\" data-id=\"529674d\" data-element_type=\"widget\" data-widget_type=\"heading.default\">\n\t\t\t\t<div class=\"elementor-widget-container\">\n\t\t\t\t\t<h2 class=\"elementor-heading-title elementor-size-default\">After treatment<\/h2>\t\t\t\t<\/div>\n\t\t\t\t<\/div>\n\t\t\t\t<div class=\"elementor-element elementor-element-b469723 elementor-widget-divider--view-line elementor-widget elementor-widget-divider\" data-id=\"b469723\" data-element_type=\"widget\" data-widget_type=\"divider.default\">\n\t\t\t\t<div class=\"elementor-widget-container\">\n\t\t\t\t\t\t\t<div class=\"elementor-divider\">\n\t\t\t<span class=\"elementor-divider-separator\">\n\t\t\t\t\t\t<\/span>\n\t\t<\/div>\n\t\t\t\t\t\t<\/div>\n\t\t\t\t<\/div>\n\t\t\t\t\t<\/div>\n\t\t<\/div>\n\t\t\t\t\t<\/div>\n\t\t<\/section>\n\t\t\t\t<section class=\"elementor-section elementor-top-section elementor-element elementor-element-438b3a3 elementor-section-boxed elementor-section-height-default elementor-section-height-default\" data-id=\"438b3a3\" data-element_type=\"section\">\n\t\t\t\t\t\t<div class=\"elementor-container elementor-column-gap-default\">\n\t\t\t\t\t<div class=\"elementor-column elementor-col-100 elementor-top-column elementor-element elementor-element-204cd7a\" data-id=\"204cd7a\" data-element_type=\"column\">\n\t\t\t<div class=\"elementor-widget-wrap elementor-element-populated\">\n\t\t\t\t\t\t<div class=\"elementor-element elementor-element-9dda8d2 elementor-widget elementor-widget-text-editor\" data-id=\"9dda8d2\" data-element_type=\"widget\" data-widget_type=\"text-editor.default\">\n\t\t\t\t<div class=\"elementor-widget-container\">\n\t\t\t\t\t\t\t\t\t<p>After the nipple micropigmentation procedure, proper care is crucial to ensure correct healing and maintain the durability of the results. The skin requires special attention to minimize the risk of complications and accelerate recovery. Here are the most important recommendations to implement after the procedure:<\/p><ul><li>For the first 48 hours, try to avoid soaking the area where the procedure was performed to ensure the healing process is not disrupted.<\/li><li>Protect your skin from direct sunlight and tanning beds for several weeks to avoid discoloration.<\/li><li>Avoid scratching or rubbing the treated area to prevent damaging the freshly applied pigment.<\/li><li>Use the recommended care products provided by your specialist to support the healing process.<\/li><li>Watch for any concerning symptoms, such as redness or discharge. If you have any doubts, consult a professional.<\/li><\/ul><p>\u00a0<\/p>\t\t\t\t\t\t\t\t<\/div>\n\t\t\t\t<\/div>\n\t\t\t\t\t<\/div>\n\t\t<\/div>\n\t\t\t\t\t<\/div>\n\t\t<\/section>\n\t\t\t\t<\/div>","protected":false},"excerpt":{"rendered":"<p>MIkropigmentacja brodawki MIKROPIGMENTACJA BRODAWKI Mikropigmentacja brodawki to innowacyjny zabieg, kt\u00f3ry zdobywa coraz wi\u0119ksz\u0105 popularno\u015b\u0107 zar\u00f3wno w sferze medycznej, jak i estetycznej. W naszym studio oferujemy profesjonalne podej\u015bcie do tej techniki, kt\u00f3ra pozwala na uzyskanie naturalnego efektu i podkre\u015blenie pi\u0119kna. Zabieg ten jest szczeg\u00f3lnie polecany dla os\u00f3b po operacjach piersi, a tak\u017ce dla tych, kt\u00f3rzy pragn\u0105 [&hellip;]<\/p>","protected":false},"author":4,"featured_media":0,"parent":0,"menu_order":0,"comment_status":"closed","ping_status":"closed","template":"","meta":{"footnotes":""},"class_list":["post-1845","page","type-page","status-publish","hentry"],"_links":{"self":[{"href":"https:\/\/www.nm-estetyka.pl\/en\/wp-json\/wp\/v2\/pages\/1845","targetHints":{"allow":["GET"]}}],"collection":[{"href":"https:\/\/www.nm-estetyka.pl\/en\/wp-json\/wp\/v2\/pages"}],"about":[{"href":"https:\/\/www.nm-estetyka.pl\/en\/wp-json\/wp\/v2\/types\/page"}],"author":[{"embeddable":true,"href":"https:\/\/www.nm-estetyka.pl\/en\/wp-json\/wp\/v2\/users\/4"}],"replies":[{"embeddable":true,"href":"https:\/\/www.nm-estetyka.pl\/en\/wp-json\/wp\/v2\/comments?post=1845"}],"version-history":[{"count":43,"href":"https:\/\/www.nm-estetyka.pl\/en\/wp-json\/wp\/v2\/pages\/1845\/revisions"}],"predecessor-version":[{"id":1897,"href":"https:\/\/www.nm-estetyka.pl\/en\/wp-json\/wp\/v2\/pages\/1845\/revisions\/1897"}],"wp:attachment":[{"href":"https:\/\/www.nm-estetyka.pl\/en\/wp-json\/wp\/v2\/media?parent=1845"}],"curies":[{"name":"wp","href":"https:\/\/api.w.org\/{rel}","templated":true}]}}