{"id":15,"date":"2022-12-10T10:15:57","date_gmt":"2022-12-10T09:15:57","guid":{"rendered":"https:\/\/www.nm-estetyka.pl\/?page_id=15"},"modified":"2022-12-10T12:29:23","modified_gmt":"2022-12-10T11:29:23","slug":"zabiegi","status":"publish","type":"page","link":"https:\/\/www.nm-estetyka.pl\/en\/zabiegi\/","title":{"rendered":"zabiegi"},"content":{"rendered":"<div data-elementor-type=\"wp-page\" data-elementor-id=\"15\" class=\"elementor elementor-15\">\n\t\t\t\t\t\t<section class=\"elementor-section elementor-top-section elementor-element elementor-element-ac8e668 elementor-section-boxed elementor-section-height-default elementor-section-height-default\" data-id=\"ac8e668\" data-element_type=\"section\" data-settings=\"{&quot;background_background&quot;:&quot;classic&quot;}\">\n\t\t\t\t\t\t<div class=\"elementor-container elementor-column-gap-default\">\n\t\t\t\t\t<div class=\"elementor-column elementor-col-100 elementor-top-column elementor-element elementor-element-81f82b9\" data-id=\"81f82b9\" data-element_type=\"column\">\n\t\t\t<div class=\"elementor-widget-wrap elementor-element-populated\">\n\t\t\t\t\t\t<div class=\"elementor-element elementor-element-bba13f0 elementor-widget elementor-widget-spacer\" data-id=\"bba13f0\" data-element_type=\"widget\" data-widget_type=\"spacer.default\">\n\t\t\t\t<div class=\"elementor-widget-container\">\n\t\t\t\t\t\t\t<div class=\"elementor-spacer\">\n\t\t\t<div class=\"elementor-spacer-inner\"><\/div>\n\t\t<\/div>\n\t\t\t\t\t\t<\/div>\n\t\t\t\t<\/div>\n\t\t\t\t<div class=\"elementor-element elementor-element-e9a1573 elementor-widget elementor-widget-heading\" data-id=\"e9a1573\" data-element_type=\"widget\" data-widget_type=\"heading.default\">\n\t\t\t\t<div class=\"elementor-widget-container\">\n\t\t\t\t\t<h2 class=\"elementor-heading-title elementor-size-default\">Treatments<\/h2>\t\t\t\t<\/div>\n\t\t\t\t<\/div>\n\t\t\t\t<div class=\"elementor-element elementor-element-2c9f67f elementor-widget elementor-widget-spacer\" data-id=\"2c9f67f\" data-element_type=\"widget\" data-widget_type=\"spacer.default\">\n\t\t\t\t<div class=\"elementor-widget-container\">\n\t\t\t\t\t\t\t<div class=\"elementor-spacer\">\n\t\t\t<div class=\"elementor-spacer-inner\"><\/div>\n\t\t<\/div>\n\t\t\t\t\t\t<\/div>\n\t\t\t\t<\/div>\n\t\t\t\t\t<\/div>\n\t\t<\/div>\n\t\t\t\t\t<\/div>\n\t\t<\/section>\n\t\t\t\t<section class=\"elementor-section elementor-top-section elementor-element elementor-element-7392ac4 elementor-section-boxed elementor-section-height-default elementor-section-height-default\" data-id=\"7392ac4\" data-element_type=\"section\" data-settings=\"{&quot;background_background&quot;:&quot;classic&quot;}\">\n\t\t\t\t\t\t<div class=\"elementor-container elementor-column-gap-default\">\n\t\t\t\t\t<div class=\"elementor-column elementor-col-100 elementor-top-column elementor-element elementor-element-5f27511\" data-id=\"5f27511\" data-element_type=\"column\">\n\t\t\t<div class=\"elementor-widget-wrap elementor-element-populated\">\n\t\t\t\t\t\t<div class=\"elementor-element elementor-element-072b14a elementor-widget elementor-widget-spacer\" data-id=\"072b14a\" data-element_type=\"widget\" data-widget_type=\"spacer.default\">\n\t\t\t\t<div class=\"elementor-widget-container\">\n\t\t\t\t\t\t\t<div class=\"elementor-spacer\">\n\t\t\t<div class=\"elementor-spacer-inner\"><\/div>\n\t\t<\/div>\n\t\t\t\t\t\t<\/div>\n\t\t\t\t<\/div>\n\t\t\t\t<section class=\"elementor-section elementor-inner-section elementor-element elementor-element-69438aa elementor-section-boxed elementor-section-height-default elementor-section-height-default\" data-id=\"69438aa\" data-element_type=\"section\">\n\t\t\t\t\t\t<div class=\"elementor-container elementor-column-gap-default\">\n\t\t\t\t\t<div class=\"elementor-column elementor-col-50 elementor-inner-column elementor-element elementor-element-6d69ae7\" data-id=\"6d69ae7\" data-element_type=\"column\">\n\t\t\t<div class=\"elementor-widget-wrap elementor-element-populated\">\n\t\t\t\t\t\t<div class=\"elementor-element elementor-element-54ff320 elementor-widget elementor-widget-image\" data-id=\"54ff320\" data-element_type=\"widget\" data-widget_type=\"image.default\">\n\t\t\t\t<div class=\"elementor-widget-container\">\n\t\t\t\t\t\t\t\t\t\t\t\t\t\t\t<img fetchpriority=\"high\" decoding=\"async\" width=\"600\" height=\"399\" src=\"https:\/\/www.nm-estetyka.pl\/wp-content\/uploads\/2022\/12\/PMU-600x399-1.jpg\" class=\"attachment-large size-large wp-image-85\" alt=\"makija\u017c permanentny Warszawa\" srcset=\"https:\/\/www.nm-estetyka.pl\/wp-content\/uploads\/2022\/12\/PMU-600x399-1.jpg 600w, https:\/\/www.nm-estetyka.pl\/wp-content\/uploads\/2022\/12\/PMU-600x399-1-300x200.jpg 300w\" sizes=\"(max-width: 600px) 100vw, 600px\" \/>\t\t\t\t\t\t\t\t\t\t\t\t\t\t\t<\/div>\n\t\t\t\t<\/div>\n\t\t\t\t\t<\/div>\n\t\t<\/div>\n\t\t\t\t<div class=\"elementor-column elementor-col-50 elementor-inner-column elementor-element elementor-element-2f09b2a\" data-id=\"2f09b2a\" data-element_type=\"column\">\n\t\t\t<div class=\"elementor-widget-wrap elementor-element-populated\">\n\t\t\t\t\t\t<div class=\"elementor-element elementor-element-5ab9c07 elementor-widget elementor-widget-heading\" data-id=\"5ab9c07\" data-element_type=\"widget\" data-widget_type=\"heading.default\">\n\t\t\t\t<div class=\"elementor-widget-container\">\n\t\t\t\t\t<h2 class=\"elementor-heading-title elementor-size-default\">PERMANENT MAKEUP<\/h2>\t\t\t\t<\/div>\n\t\t\t\t<\/div>\n\t\t\t\t<div class=\"elementor-element elementor-element-6ed3e8a elementor-widget elementor-widget-text-editor\" data-id=\"6ed3e8a\" data-element_type=\"widget\" data-widget_type=\"text-editor.default\">\n\t\t\t\t<div class=\"elementor-widget-container\">\n\t\t\t\t\t\t\t\t\t<p>\"To be as close to nature as possible\" - Nataliya Yeremenko<\/p>\n<p>Permanent makeup is a procedure that enhances beauty in a long-lasting way, correcting minor flaws. Thanks to properly selected shades of pigments, makeup harmonizes with natural beauty and adds beauty without the effect of exaggeration. We create daytime makeup that is versatile, adds charm and is suitable for any situation. Skillful pigmentation is delicate and done at the right depth. Makeup must beautify, so over fashion and trends, we focus on naturalness, versatility and non-obviousness.<\/p>\t\t\t\t\t\t\t\t<\/div>\n\t\t\t\t<\/div>\n\t\t\t\t\t<\/div>\n\t\t<\/div>\n\t\t\t\t\t<\/div>\n\t\t<\/section>\n\t\t\t\t<div class=\"elementor-element elementor-element-adeef49 elementor-widget elementor-widget-spacer\" data-id=\"adeef49\" data-element_type=\"widget\" data-widget_type=\"spacer.default\">\n\t\t\t\t<div class=\"elementor-widget-container\">\n\t\t\t\t\t\t\t<div class=\"elementor-spacer\">\n\t\t\t<div class=\"elementor-spacer-inner\"><\/div>\n\t\t<\/div>\n\t\t\t\t\t\t<\/div>\n\t\t\t\t<\/div>\n\t\t\t\t<div class=\"elementor-element elementor-element-d32270f elementor-widget elementor-widget-heading\" data-id=\"d32270f\" data-element_type=\"widget\" data-widget_type=\"heading.default\">\n\t\t\t\t<div class=\"elementor-widget-container\">\n\t\t\t\t\t<h2 class=\"elementor-heading-title elementor-size-default\">Contraindications<\/h2>\t\t\t\t<\/div>\n\t\t\t\t<\/div>\n\t\t\t\t<div class=\"elementor-element elementor-element-81374c1 elementor-widget-divider--view-line elementor-widget elementor-widget-divider\" data-id=\"81374c1\" data-element_type=\"widget\" data-widget_type=\"divider.default\">\n\t\t\t\t<div class=\"elementor-widget-container\">\n\t\t\t\t\t\t\t<div class=\"elementor-divider\">\n\t\t\t<span class=\"elementor-divider-separator\">\n\t\t\t\t\t\t<\/span>\n\t\t<\/div>\n\t\t\t\t\t\t<\/div>\n\t\t\t\t<\/div>\n\t\t\t\t<div class=\"elementor-element elementor-element-4c4220d elementor-widget elementor-widget-text-editor\" data-id=\"4c4220d\" data-element_type=\"widget\" data-widget_type=\"text-editor.default\">\n\t\t\t\t<div class=\"elementor-widget-container\">\n\t\t\t\t\t\t\t\t\t<p>Contraindications to permanent makeup are divided into absolute and relative contraindications. Absolute ones disqualify from performing the procedure at a certain time or permanently, while relative ones are subject to evaluation by the operator performing the procedure (linergist). Before any procedure, the possibility of performing it should be consulted so that pigmentation takes place at the safest time.<\/p><ul><li>Allergy to pigments (possible allergy test), heavy metal allergy, pregnancy, lactation, epilepsy, active cancer, antibiotic therapy, steroid therapy, infection, skin diseases, freshly tanned skin and sun exposure, treatment cycle with acids and exfoliation, fever, weakness of the body, diabetes, heart disease, hormonal and autoimmune diseases, diseases of the retina and cornea of the eye, active inflammation of the pigmented area, anti-acne therapy, taking certain drugs and dietary supplements, herbs.<\/li><\/ul>\t\t\t\t\t\t\t\t<\/div>\n\t\t\t\t<\/div>\n\t\t\t\t<div class=\"elementor-element elementor-element-28a6b87 elementor-widget elementor-widget-heading\" data-id=\"28a6b87\" data-element_type=\"widget\" data-widget_type=\"heading.default\">\n\t\t\t\t<div class=\"elementor-widget-container\">\n\t\t\t\t\t<h2 class=\"elementor-heading-title elementor-size-default\">Before treatment<\/h2>\t\t\t\t<\/div>\n\t\t\t\t<\/div>\n\t\t\t\t<div class=\"elementor-element elementor-element-5a18bbd elementor-widget-divider--view-line elementor-widget elementor-widget-divider\" data-id=\"5a18bbd\" data-element_type=\"widget\" data-widget_type=\"divider.default\">\n\t\t\t\t<div class=\"elementor-widget-container\">\n\t\t\t\t\t\t\t<div class=\"elementor-divider\">\n\t\t\t<span class=\"elementor-divider-separator\">\n\t\t\t\t\t\t<\/span>\n\t\t<\/div>\n\t\t\t\t\t\t<\/div>\n\t\t\t\t<\/div>\n\t\t\t\t<div class=\"elementor-element elementor-element-52bc58a elementor-widget elementor-widget-text-editor\" data-id=\"52bc58a\" data-element_type=\"widget\" data-widget_type=\"text-editor.default\">\n\t\t\t\t<div class=\"elementor-widget-container\">\n\t\t\t\t\t\t\t\t\t<ul><li><strong>Before the procedure, inform the operator about taking any medications and supplements.<\/strong><\/li><li>Before the procedure, it is a good idea to start moisturizing the skin intensively (not greasy creams).<\/li><li>One week before the procedure, do not undergo laser treatments, hair removal, henna, intensive peels and acid therapies.<\/li><li>For 2-3 months before eyebrow and eyelid pigmentation, growth conditioners for eyelashes and eyebrows should be discontinued.<\/li><li>If herpes happens, a prescription drug (such as heviran) should be used 3 days before and 3 days after the procedure. The dose of the drug is chosen by the doctor.<\/li><li>On the day of the procedure, do not drink coffee, alcohol or use stimulants.<\/li><li>In the case of lip pigmentation, it is important to remember that smoking immediately after the procedure increases the chance of infection of the pigmented area.<\/li><\/ul>\t\t\t\t\t\t\t\t<\/div>\n\t\t\t\t<\/div>\n\t\t\t\t<div class=\"elementor-element elementor-element-f81e665 elementor-widget elementor-widget-heading\" data-id=\"f81e665\" data-element_type=\"widget\" data-widget_type=\"heading.default\">\n\t\t\t\t<div class=\"elementor-widget-container\">\n\t\t\t\t\t<h2 class=\"elementor-heading-title elementor-size-default\">After treatment<\/h2>\t\t\t\t<\/div>\n\t\t\t\t<\/div>\n\t\t\t\t<div class=\"elementor-element elementor-element-42fa044 elementor-widget-divider--view-line elementor-widget elementor-widget-divider\" data-id=\"42fa044\" data-element_type=\"widget\" data-widget_type=\"divider.default\">\n\t\t\t\t<div class=\"elementor-widget-container\">\n\t\t\t\t\t\t\t<div class=\"elementor-divider\">\n\t\t\t<span class=\"elementor-divider-separator\">\n\t\t\t\t\t\t<\/span>\n\t\t<\/div>\n\t\t\t\t\t\t<\/div>\n\t\t\t\t<\/div>\n\t\t\t\t<div class=\"elementor-element elementor-element-f452828 elementor-widget elementor-widget-text-editor\" data-id=\"f452828\" data-element_type=\"widget\" data-widget_type=\"text-editor.default\">\n\t\t\t\t<div class=\"elementor-widget-container\">\n\t\t\t\t\t\t\t\t\t<p><strong>The final result of the treatment is the result of the linergist's work and the client's post-treatment care.<\/strong><\/p><p>Po zabiegu stosujemy si\u0119 do instrukcji podanych przez operatora. W przypadku pigmentacji brwi, ust i powiek, zalecenia r\u00f3\u017cni\u0105 si\u0119 od siebie, jednak nadrz\u0119dnym zaleceniem wsp\u00f3lnym dla wszystkich pigmentacji jest utrzymanie pigmentowanego miejsca w czysto\u015bci i nie zdrapywanie suchych sk\u00f3rek, gdy\u017c grozi to powstaniem prze\u015bwit\u00f3w i konieczno\u015bci\u0105 powt\u00f3rzenia zabiegu.\u00a0 Kolor bezpo\u015brednio po zabiegu jest bardzo nasycony, potem wy\u0142uszcza si\u0119 i stabilizuje. Ostateczny kolor widoczny jest po 3-4 tygodniach.<\/p><p>Modern permanent makeup is a two-step procedure, that is, we apply complementary pigmentation to the main procedure. During the second visit, we can intensify, cool down or warm up the color, fill in the paler areas, correct the shape. We perform supplemental pigmentation a minimum of 3 weeks after the procedure and a maximum of 8 weeks afterwards.<\/p>\t\t\t\t\t\t\t\t<\/div>\n\t\t\t\t<\/div>\n\t\t\t\t<div class=\"elementor-element elementor-element-93309d3 elementor-widget elementor-widget-spacer\" data-id=\"93309d3\" data-element_type=\"widget\" data-widget_type=\"spacer.default\">\n\t\t\t\t<div class=\"elementor-widget-container\">\n\t\t\t\t\t\t\t<div class=\"elementor-spacer\">\n\t\t\t<div class=\"elementor-spacer-inner\"><\/div>\n\t\t<\/div>\n\t\t\t\t\t\t<\/div>\n\t\t\t\t<\/div>\n\t\t\t\t\t<\/div>\n\t\t<\/div>\n\t\t\t\t\t<\/div>\n\t\t<\/section>\n\t\t\t\t<section class=\"elementor-section elementor-top-section elementor-element elementor-element-c01080e elementor-section-boxed elementor-section-height-default elementor-section-height-default\" data-id=\"c01080e\" data-element_type=\"section\" data-settings=\"{&quot;background_background&quot;:&quot;classic&quot;}\">\n\t\t\t\t\t\t<div class=\"elementor-container elementor-column-gap-default\">\n\t\t\t\t\t<div class=\"elementor-column elementor-col-100 elementor-top-column elementor-element elementor-element-31bd69a\" data-id=\"31bd69a\" data-element_type=\"column\">\n\t\t\t<div class=\"elementor-widget-wrap elementor-element-populated\">\n\t\t\t\t\t\t<section class=\"elementor-section elementor-inner-section elementor-element elementor-element-20fabdb elementor-section-boxed elementor-section-height-default elementor-section-height-default\" data-id=\"20fabdb\" data-element_type=\"section\">\n\t\t\t\t\t\t<div class=\"elementor-container elementor-column-gap-default\">\n\t\t\t\t\t<div class=\"elementor-column elementor-col-50 elementor-inner-column elementor-element elementor-element-742f4f3\" data-id=\"742f4f3\" data-element_type=\"column\">\n\t\t\t<div class=\"elementor-widget-wrap elementor-element-populated\">\n\t\t\t\t\t\t<div class=\"elementor-element elementor-element-47a0202 elementor-widget elementor-widget-image\" data-id=\"47a0202\" data-element_type=\"widget\" data-widget_type=\"image.default\">\n\t\t\t\t<div class=\"elementor-widget-container\">\n\t\t\t\t\t\t\t\t\t\t\t\t\t\t\t<img decoding=\"async\" width=\"600\" height=\"400\" src=\"https:\/\/www.nm-estetyka.pl\/wp-content\/uploads\/2022\/12\/Laser_mini-600x400-1.jpeg\" class=\"attachment-large size-large wp-image-84\" alt=\"laserowe usuwanie makija\u017cu permanentnego Warszawa\" srcset=\"https:\/\/www.nm-estetyka.pl\/wp-content\/uploads\/2022\/12\/Laser_mini-600x400-1.jpeg 600w, https:\/\/www.nm-estetyka.pl\/wp-content\/uploads\/2022\/12\/Laser_mini-600x400-1-300x200.jpeg 300w\" sizes=\"(max-width: 600px) 100vw, 600px\" \/>\t\t\t\t\t\t\t\t\t\t\t\t\t\t\t<\/div>\n\t\t\t\t<\/div>\n\t\t\t\t\t<\/div>\n\t\t<\/div>\n\t\t\t\t<div class=\"elementor-column elementor-col-50 elementor-inner-column elementor-element elementor-element-5c9cf8d\" data-id=\"5c9cf8d\" data-element_type=\"column\">\n\t\t\t<div class=\"elementor-widget-wrap elementor-element-populated\">\n\t\t\t\t\t\t<div class=\"elementor-element elementor-element-7aa6a0c elementor-widget elementor-widget-heading\" data-id=\"7aa6a0c\" data-element_type=\"widget\" data-widget_type=\"heading.default\">\n\t\t\t\t<div class=\"elementor-widget-container\">\n\t\t\t\t\t<h2 class=\"elementor-heading-title elementor-size-default\">LASER PERMANENT MAKEUP REMOVAL<\/h2>\t\t\t\t<\/div>\n\t\t\t\t<\/div>\n\t\t\t\t<div class=\"elementor-element elementor-element-a667e30 elementor-widget elementor-widget-text-editor\" data-id=\"a667e30\" data-element_type=\"widget\" data-widget_type=\"text-editor.default\">\n\t\t\t\t<div class=\"elementor-widget-container\">\n\t\t\t\t\t\t\t\t\t<p>EXEO Q-SWITCHED neodymium laser effectively removes tattoo and permanent makeup by emitting short pulses of light (less than 10 nanoseconds)<br \/>Impulsy s\u0105 poch\u0142aniane w spos\u00f3b selektywny przez barwnik tatua\u017cu. Nast\u0119puje rozbicie barwnika w sk\u00f3rze, a jego mikro-fragmenty s\u0105 wch\u0142aniane przez uk\u0142ad immunologiczny. Ka\u017cdy kolor barwnika absorbuje inn\u0105 d\u0142ugo\u015b\u0107 fali. Zabieg jest bezpieczny, precyzyjny i nie wywo\u0142uje trwa\u0142ych obra\u017ce\u0144 sk\u00f3ry. G\u0142owica przeznaczona do usuwania kolor\u00f3w niebieskich i zielonych pozwala na usuni\u0119cie wielokolorowych pigmentacji i tatua\u017cy.<\/p>\t\t\t\t\t\t\t\t<\/div>\n\t\t\t\t<\/div>\n\t\t\t\t\t<\/div>\n\t\t<\/div>\n\t\t\t\t\t<\/div>\n\t\t<\/section>\n\t\t\t\t<div class=\"elementor-element elementor-element-3f6a209 elementor-widget elementor-widget-spacer\" data-id=\"3f6a209\" data-element_type=\"widget\" data-widget_type=\"spacer.default\">\n\t\t\t\t<div class=\"elementor-widget-container\">\n\t\t\t\t\t\t\t<div class=\"elementor-spacer\">\n\t\t\t<div class=\"elementor-spacer-inner\"><\/div>\n\t\t<\/div>\n\t\t\t\t\t\t<\/div>\n\t\t\t\t<\/div>\n\t\t\t\t<div class=\"elementor-element elementor-element-afd2aee elementor-widget elementor-widget-heading\" data-id=\"afd2aee\" data-element_type=\"widget\" data-widget_type=\"heading.default\">\n\t\t\t\t<div class=\"elementor-widget-container\">\n\t\t\t\t\t<h2 class=\"elementor-heading-title elementor-size-default\">Contraindications<\/h2>\t\t\t\t<\/div>\n\t\t\t\t<\/div>\n\t\t\t\t<div class=\"elementor-element elementor-element-2cfe724 elementor-widget-divider--view-line elementor-widget elementor-widget-divider\" data-id=\"2cfe724\" data-element_type=\"widget\" data-widget_type=\"divider.default\">\n\t\t\t\t<div class=\"elementor-widget-container\">\n\t\t\t\t\t\t\t<div class=\"elementor-divider\">\n\t\t\t<span class=\"elementor-divider-separator\">\n\t\t\t\t\t\t<\/span>\n\t\t<\/div>\n\t\t\t\t\t\t<\/div>\n\t\t\t\t<\/div>\n\t\t\t\t<div class=\"elementor-element elementor-element-56758e8 elementor-widget elementor-widget-text-editor\" data-id=\"56758e8\" data-element_type=\"widget\" data-widget_type=\"text-editor.default\">\n\t\t\t\t<div class=\"elementor-widget-container\">\n\t\t\t\t\t\t\t\t\t<p>Contraindications include:<\/p><ul><li>Diabetes, hemophilia, pregnancy, pacemaker, lowered immunity, infections and colds<\/li><li>skin lesions and skin diseases<\/li><li>deeply tanned skin<\/li><li>medications, especially psychotropic drugs, photosensitizers and steroids<\/li><\/ul>\t\t\t\t\t\t\t\t<\/div>\n\t\t\t\t<\/div>\n\t\t\t\t<div class=\"elementor-element elementor-element-d500f41 elementor-widget elementor-widget-heading\" data-id=\"d500f41\" data-element_type=\"widget\" data-widget_type=\"heading.default\">\n\t\t\t\t<div class=\"elementor-widget-container\">\n\t\t\t\t\t<h2 class=\"elementor-heading-title elementor-size-default\">Before treatment<\/h2>\t\t\t\t<\/div>\n\t\t\t\t<\/div>\n\t\t\t\t<div class=\"elementor-element elementor-element-97cf7e2 elementor-widget-divider--view-line elementor-widget elementor-widget-divider\" data-id=\"97cf7e2\" data-element_type=\"widget\" data-widget_type=\"divider.default\">\n\t\t\t\t<div class=\"elementor-widget-container\">\n\t\t\t\t\t\t\t<div class=\"elementor-divider\">\n\t\t\t<span class=\"elementor-divider-separator\">\n\t\t\t\t\t\t<\/span>\n\t\t<\/div>\n\t\t\t\t\t\t<\/div>\n\t\t\t\t<\/div>\n\t\t\t\t<div class=\"elementor-element elementor-element-79e1dc7 elementor-widget elementor-widget-text-editor\" data-id=\"79e1dc7\" data-element_type=\"widget\" data-widget_type=\"text-editor.default\">\n\t\t\t\t<div class=\"elementor-widget-container\">\n\t\t\t\t\t\t\t\t\t<ul><li>Do not sunbathe or use a tanning bed 4 weeks before the procedure<\/li><li>one week before the procedure, do not use aesthetic medicine treatments, acid therapy, steroids<\/li><li>prior to treatment and\u00a0<strong>on the day of surgery, it is not allowed to use painkillers<\/strong><\/li><li>for 2 months before the procedure, stop using photosensitizing herbs (St. John's wort, nettle, field horsetail)<\/li><\/ul>\t\t\t\t\t\t\t\t<\/div>\n\t\t\t\t<\/div>\n\t\t\t\t<div class=\"elementor-element elementor-element-586cc96 elementor-widget elementor-widget-heading\" data-id=\"586cc96\" data-element_type=\"widget\" data-widget_type=\"heading.default\">\n\t\t\t\t<div class=\"elementor-widget-container\">\n\t\t\t\t\t<h2 class=\"elementor-heading-title elementor-size-default\">After treatment<\/h2>\t\t\t\t<\/div>\n\t\t\t\t<\/div>\n\t\t\t\t<div class=\"elementor-element elementor-element-8565854 elementor-widget-divider--view-line elementor-widget elementor-widget-divider\" data-id=\"8565854\" data-element_type=\"widget\" data-widget_type=\"divider.default\">\n\t\t\t\t<div class=\"elementor-widget-container\">\n\t\t\t\t\t\t\t<div class=\"elementor-divider\">\n\t\t\t<span class=\"elementor-divider-separator\">\n\t\t\t\t\t\t<\/span>\n\t\t<\/div>\n\t\t\t\t\t\t<\/div>\n\t\t\t\t<\/div>\n\t\t\t\t<div class=\"elementor-element elementor-element-86eeeeb elementor-widget elementor-widget-text-editor\" data-id=\"86eeeeb\" data-element_type=\"widget\" data-widget_type=\"text-editor.default\">\n\t\t\t\t<div class=\"elementor-widget-container\">\n\t\t\t\t\t\t\t\t\t<ul><li><p>After the laser makeup\/tattoo removal treatment, we use cooling therapies - cold packs. After 6 weeks, you can start another treatment.<\/p><\/li><\/ul>\t\t\t\t\t\t\t\t<\/div>\n\t\t\t\t<\/div>\n\t\t\t\t<div class=\"elementor-element elementor-element-fd9b3df elementor-widget elementor-widget-spacer\" data-id=\"fd9b3df\" data-element_type=\"widget\" data-widget_type=\"spacer.default\">\n\t\t\t\t<div class=\"elementor-widget-container\">\n\t\t\t\t\t\t\t<div class=\"elementor-spacer\">\n\t\t\t<div class=\"elementor-spacer-inner\"><\/div>\n\t\t<\/div>\n\t\t\t\t\t\t<\/div>\n\t\t\t\t<\/div>\n\t\t\t\t\t<\/div>\n\t\t<\/div>\n\t\t\t\t\t<\/div>\n\t\t<\/section>\n\t\t\t\t<\/div>","protected":false},"excerpt":{"rendered":"<p>Zabiegi MAKIJA\u017b PERMANENTNY \u201eBy\u0107 tak blisko natury jak to tylko mo\u017cliwe\u201d &#8211; Nataliya Yeremenko Makija\u017c permanentny jest zabiegiem d\u0142ugotrwale podkre\u015blaj\u0105cym urod\u0119, koryguj\u0105cym drobne mankamenty. Dzi\u0119ki w\u0142a\u015bciwie dobranym odcieniom pigment\u00f3w, makija\u017c wsp\u00f3\u0142gra z naturaln\u0105 urod\u0105 i dodaje uroku bez efektu przerysowania. Tworzymy makija\u017c dzienny, uniwersalny, przydaj\u0105cy uroku i odpowiedni do ka\u017cdej sytuacji.&nbsp;Umiej\u0119tna pigmentacja jest delikatna i [&hellip;]<\/p>","protected":false},"author":1,"featured_media":0,"parent":0,"menu_order":0,"comment_status":"closed","ping_status":"closed","template":"elementor_header_footer","meta":{"footnotes":""},"class_list":["post-15","page","type-page","status-publish","hentry"],"_links":{"self":[{"href":"https:\/\/www.nm-estetyka.pl\/en\/wp-json\/wp\/v2\/pages\/15","targetHints":{"allow":["GET"]}}],"collection":[{"href":"https:\/\/www.nm-estetyka.pl\/en\/wp-json\/wp\/v2\/pages"}],"about":[{"href":"https:\/\/www.nm-estetyka.pl\/en\/wp-json\/wp\/v2\/types\/page"}],"author":[{"embeddable":true,"href":"https:\/\/www.nm-estetyka.pl\/en\/wp-json\/wp\/v2\/users\/1"}],"replies":[{"embeddable":true,"href":"https:\/\/www.nm-estetyka.pl\/en\/wp-json\/wp\/v2\/comments?post=15"}],"version-history":[{"count":47,"href":"https:\/\/www.nm-estetyka.pl\/en\/wp-json\/wp\/v2\/pages\/15\/revisions"}],"predecessor-version":[{"id":325,"href":"https:\/\/www.nm-estetyka.pl\/en\/wp-json\/wp\/v2\/pages\/15\/revisions\/325"}],"wp:attachment":[{"href":"https:\/\/www.nm-estetyka.pl\/en\/wp-json\/wp\/v2\/media?parent=15"}],"curies":[{"name":"wp","href":"https:\/\/api.w.org\/{rel}","templated":true}]}}